{"id":5953,"date":"2024-11-13T14:54:26","date_gmt":"2024-11-13T20:54:26","guid":{"rendered":"https:\/\/libreriahistoriasdebolsillo.com\/?post_type=product&#038;p=5953"},"modified":"2024-12-16T11:15:36","modified_gmt":"2024-12-16T17:15:36","slug":"concedeme-un-deseo","status":"publish","type":"product","link":"https:\/\/libreriahistoriasdebolsillo.com\/index.php\/producto\/concedeme-un-deseo\/","title":{"rendered":"Conc\u00e9deme un deseo"},"content":{"rendered":"<p><b>Arden James<\/b>\u00a0es la actriz joven m\u00e1s sexy de Hollywood&#8230; y tambi\u00e9n la m\u00e1s perseguida por la prensa a causa de sus esc\u00e1ndalos. Cuando su mala reputaci\u00f3n casi le cuesta el papel de sus sue\u00f1os, Arden y su representante inventan una mentira para darle la vuelta a la situaci\u00f3n. Pero, para que funcione, tendr\u00e1 que volver a casa para las vacaciones de Navidad por primera vez en cuatro a\u00f1os.<\/p>\n<p><b>Caroline Beckett<\/b>\u00a0ha pasado los \u00faltimos cuatro a\u00f1os puliendo un porfolio estelar que la llevar\u00e1 a un programa de periodismo de primer nivel en la universidad de Columbia y convenci\u00e9ndose a s\u00ed misma de que no podr\u00eda estar menos interesada en lo que su ex mejor amiga y primer amor ha estado haciendo desde que se fue sin mirar atr\u00e1s.<\/p>\n<p>Pero cuando Arden aparece de repente en su puerta con la promesa de que podr\u00e1 escribir para la\u00a0<i>Cosmopolitan<\/i>\u00a0un art\u00edculo sobre su \u00abromance secreto\u00bb y as\u00ed mejorar su imagen p\u00fablica, Caroline no puede evitar sentirse tentada a seguirle el juego.<\/p>\n<p>Deber\u00eda ser bastante f\u00e1cil aguantar doce citas navide\u00f1as con Arden para hacer realidad sus sue\u00f1os, pero \u00bfpodr\u00e1n resistirse a sus sentimientos&#8230; o caer\u00e1n m\u00e1s r\u00e1pido que la nieve en Nochebuena?<\/p>\n","protected":false},"excerpt":{"rendered":"<p>Rachael Lippincott<\/p>\n<p>328 p\u00e1ginas<\/p>\n","protected":false},"featured_media":5954,"template":"","meta":{"_joinchat":[]},"product_brand":[],"product_cat":[38,70],"product_tag":[34],"class_list":{"0":"post-5953","1":"product","2":"type-product","3":"status-publish","4":"has-post-thumbnail","6":"product_cat-lgbtq","7":"product_cat-novedades","8":"product_tag-penguin-random-house","10":"first","11":"outofstock","12":"shipping-taxable","13":"purchasable","14":"product-type-simple"},"_links":{"self":[{"href":"https:\/\/libreriahistoriasdebolsillo.com\/index.php\/wp-json\/wp\/v2\/product\/5953","targetHints":{"allow":["GET"]}}],"collection":[{"href":"https:\/\/libreriahistoriasdebolsillo.com\/index.php\/wp-json\/wp\/v2\/product"}],"about":[{"href":"https:\/\/libreriahistoriasdebolsillo.com\/index.php\/wp-json\/wp\/v2\/types\/product"}],"wp:featuredmedia":[{"embeddable":true,"href":"https:\/\/libreriahistoriasdebolsillo.com\/index.php\/wp-json\/wp\/v2\/media\/5954"}],"wp:attachment":[{"href":"https:\/\/libreriahistoriasdebolsillo.com\/index.php\/wp-json\/wp\/v2\/media?parent=5953"}],"wp:term":[{"taxonomy":"product_brand","embeddable":true,"href":"https:\/\/libreriahistoriasdebolsillo.com\/index.php\/wp-json\/wp\/v2\/product_brand?post=5953"},{"taxonomy":"product_cat","embeddable":true,"href":"https:\/\/libreriahistoriasdebolsillo.com\/index.php\/wp-json\/wp\/v2\/product_cat?post=5953"},{"taxonomy":"product_tag","embeddable":true,"href":"https:\/\/libreriahistoriasdebolsillo.com\/index.php\/wp-json\/wp\/v2\/product_tag?post=5953"}],"curies":[{"name":"wp","href":"https:\/\/api.w.org\/{rel}","templated":true}]}}