{"id":5955,"date":"2024-11-13T14:56:43","date_gmt":"2024-11-13T20:56:43","guid":{"rendered":"https:\/\/libreriahistoriasdebolsillo.com\/?post_type=product&#038;p=5955"},"modified":"2026-03-16T16:44:15","modified_gmt":"2026-03-16T22:44:15","slug":"lo-que-no-tiene-nombre","status":"publish","type":"product","link":"https:\/\/libreriahistoriasdebolsillo.com\/index.php\/producto\/lo-que-no-tiene-nombre\/","title":{"rendered":"Lo que no tiene nombre"},"content":{"rendered":"<p>\u00ab\u00bfHasta d\u00f3nde puede llegar la literatura? En este libro dedicado a la vida y la muerte de su hijo Daniel, Piedad Bonnett alcanza con las palabras los lugares m\u00e1s extremos de la existencia. La naturalidad y la extra\u00f1eza conviven en sus p\u00e1ginas igual que en su mirada conviven la sequedad de la inteligencia y el latido m\u00e1s intenso de la emoci\u00f3n. Buscar respuestas es un modo de hacerse preguntas. Tambi\u00e9n es una forma de seguir cuidando al hijo m\u00e1s all\u00e1 de la muerte. La gran literatura convierte la historia personal en una experiencia humana colectiva. Por eso este libro habla de la fragilidad de cualquier vida y de la necesidad de seguir viviendo.\u00bb-\u00a0<i>Luis Garc\u00eda Montero<\/i><\/p>\n","protected":false},"excerpt":{"rendered":"<p>Piedad Bonnett<\/p>\n<p>136 p\u00e1ginas<\/p>\n","protected":false},"featured_media":5956,"template":"","meta":{"_joinchat":[]},"product_brand":[],"product_cat":[33],"product_tag":[34],"class_list":{"0":"post-5955","1":"product","2":"type-product","3":"status-publish","4":"has-post-thumbnail","6":"product_cat-ficcion-general","7":"product_tag-penguin-random-house","9":"first","10":"instock","11":"shipping-taxable","12":"purchasable","13":"product-type-simple"},"_links":{"self":[{"href":"https:\/\/libreriahistoriasdebolsillo.com\/index.php\/wp-json\/wp\/v2\/product\/5955","targetHints":{"allow":["GET"]}}],"collection":[{"href":"https:\/\/libreriahistoriasdebolsillo.com\/index.php\/wp-json\/wp\/v2\/product"}],"about":[{"href":"https:\/\/libreriahistoriasdebolsillo.com\/index.php\/wp-json\/wp\/v2\/types\/product"}],"wp:featuredmedia":[{"embeddable":true,"href":"https:\/\/libreriahistoriasdebolsillo.com\/index.php\/wp-json\/wp\/v2\/media\/5956"}],"wp:attachment":[{"href":"https:\/\/libreriahistoriasdebolsillo.com\/index.php\/wp-json\/wp\/v2\/media?parent=5955"}],"wp:term":[{"taxonomy":"product_brand","embeddable":true,"href":"https:\/\/libreriahistoriasdebolsillo.com\/index.php\/wp-json\/wp\/v2\/product_brand?post=5955"},{"taxonomy":"product_cat","embeddable":true,"href":"https:\/\/libreriahistoriasdebolsillo.com\/index.php\/wp-json\/wp\/v2\/product_cat?post=5955"},{"taxonomy":"product_tag","embeddable":true,"href":"https:\/\/libreriahistoriasdebolsillo.com\/index.php\/wp-json\/wp\/v2\/product_tag?post=5955"}],"curies":[{"name":"wp","href":"https:\/\/api.w.org\/{rel}","templated":true}]}}