{"id":5963,"date":"2024-11-13T15:06:25","date_gmt":"2024-11-13T21:06:25","guid":{"rendered":"https:\/\/libreriahistoriasdebolsillo.com\/?post_type=product&#038;p=5963"},"modified":"2025-03-10T10:17:21","modified_gmt":"2025-03-10T16:17:21","slug":"la-leyenda-de-las-mareas-mansas","status":"publish","type":"product","link":"https:\/\/libreriahistoriasdebolsillo.com\/index.php\/producto\/la-leyenda-de-las-mareas-mansas\/","title":{"rendered":"La leyenda de las mareas mansas"},"content":{"rendered":"<p><b>\u00bfConoces la leyenda de las mareas mansas?<\/b>\u00a0<b>Irene Vallejo recupera esta historia de las Metamorfosis<\/b>\u00a0<b>de Ovidio, para ofrecernos una luminosa versi\u00f3n<\/b>\u00a0<b>llena de poes\u00eda, ilustrada por Lina Vila.<\/b><\/p>\n<p>Una historia para\u00a0<b>lectores valientes<\/b>\u00a0de cualquier edad que se atrevan a embarcarse hacia lo desconocido. Para quienes han\u00a0<b>guardado secretos<\/b>\u00a0y han a\u00f1orado a alguien a orillas del mar. Para aquellos que han visitado el pa\u00eds de los sue\u00f1os y han permanecido ah\u00ed incluso tras\u00a0<b>despertar<\/b>. Para padres y madres que se alegran con el regreso de las aves migratorias. Para abuelas que olvidan lo que hicieron ayer, pero recuerdan los cuentos de su infancia. Para apasionados de los\u00a0<b>mitos cl\u00e1sicos<\/b>\u00a0y para amantes del arte que quieran sumergirse en las acuarelas de una ilustradora m\u00e1gica. Para todos los que han visto con sus propios ojos el plumaje azul y\u00a0<b>anaranjado<\/b>\u00a0de un mart\u00edn pescador.<\/p>\n","protected":false},"excerpt":{"rendered":"<p>Irene Vallejo<\/p>\n<p>64 p\u00e1ginas<\/p>\n","protected":false},"featured_media":5964,"template":"","meta":{"_joinchat":[]},"product_brand":[],"product_cat":[54,70],"product_tag":[34],"class_list":{"0":"post-5963","1":"product","2":"type-product","3":"status-publish","4":"has-post-thumbnail","6":"product_cat-infantil","7":"product_cat-novedades","8":"product_tag-penguin-random-house","10":"first","11":"outofstock","12":"shipping-taxable","13":"purchasable","14":"product-type-simple"},"_links":{"self":[{"href":"https:\/\/libreriahistoriasdebolsillo.com\/index.php\/wp-json\/wp\/v2\/product\/5963","targetHints":{"allow":["GET"]}}],"collection":[{"href":"https:\/\/libreriahistoriasdebolsillo.com\/index.php\/wp-json\/wp\/v2\/product"}],"about":[{"href":"https:\/\/libreriahistoriasdebolsillo.com\/index.php\/wp-json\/wp\/v2\/types\/product"}],"wp:featuredmedia":[{"embeddable":true,"href":"https:\/\/libreriahistoriasdebolsillo.com\/index.php\/wp-json\/wp\/v2\/media\/5964"}],"wp:attachment":[{"href":"https:\/\/libreriahistoriasdebolsillo.com\/index.php\/wp-json\/wp\/v2\/media?parent=5963"}],"wp:term":[{"taxonomy":"product_brand","embeddable":true,"href":"https:\/\/libreriahistoriasdebolsillo.com\/index.php\/wp-json\/wp\/v2\/product_brand?post=5963"},{"taxonomy":"product_cat","embeddable":true,"href":"https:\/\/libreriahistoriasdebolsillo.com\/index.php\/wp-json\/wp\/v2\/product_cat?post=5963"},{"taxonomy":"product_tag","embeddable":true,"href":"https:\/\/libreriahistoriasdebolsillo.com\/index.php\/wp-json\/wp\/v2\/product_tag?post=5963"}],"curies":[{"name":"wp","href":"https:\/\/api.w.org\/{rel}","templated":true}]}}