{"id":5980,"date":"2024-11-27T14:45:09","date_gmt":"2024-11-27T20:45:09","guid":{"rendered":"https:\/\/libreriahistoriasdebolsillo.com\/?post_type=product&#038;p=5980"},"modified":"2025-06-28T12:24:51","modified_gmt":"2025-06-28T18:24:51","slug":"minecraft-modo-supervivencia-para-colorear","status":"publish","type":"product","link":"https:\/\/libreriahistoriasdebolsillo.com\/index.php\/producto\/minecraft-modo-supervivencia-para-colorear\/","title":{"rendered":"Minecraft modo supervivencia para colorear"},"content":{"rendered":"<p>Sum\u00e9rgete en el peligroso y emocionante modo supervivencia del videojuego m\u00e1s vendido de todos los tiempos. Enfrenta criaturas aterradoras y explora paisajes misteriosos, cada escena te llevar\u00e1 a un nuevo desafio. Con m\u00e1s de sesenta p\u00e1ginas de arte original, podras adentrarte en el universo expansivo, maravilloso e interminable de Minercraft. Prep\u00e1rate para experimentar este videojuego de una forma completamente nueva. Usa tu creatividad para darle vida a este mundo sin limite.<\/p>\n","protected":false},"excerpt":{"rendered":"<p>Sum\u00e9rgete en el peligroso y emocionante modo supervivencia del videojuego m\u00e1s vendido de todos los tiempos. Enfrenta criaturas aterradoras y explora paisajes misteriosos, cada escena te llevar\u00e1 a un nuevo desafio. Con m\u00e1s de sesenta p\u00e1ginas de arte original, podras adentrarte en el universo expansivo, maravilloso e interminable de Minercraft. Prep\u00e1rate para experimentar este videojuego [&hellip;]<\/p>\n","protected":false},"featured_media":5981,"template":"","meta":{"_joinchat":[]},"product_brand":[],"product_cat":[50,70,51],"product_tag":[48],"class_list":{"0":"post-5980","1":"product","2":"type-product","3":"status-publish","4":"has-post-thumbnail","6":"product_cat-mandalas-y-libros-para-colorear","7":"product_cat-novedades","8":"product_cat-oferta","9":"product_tag-vr-editoras","11":"first","12":"outofstock","13":"shipping-taxable","14":"purchasable","15":"product-type-simple"},"_links":{"self":[{"href":"https:\/\/libreriahistoriasdebolsillo.com\/index.php\/wp-json\/wp\/v2\/product\/5980","targetHints":{"allow":["GET"]}}],"collection":[{"href":"https:\/\/libreriahistoriasdebolsillo.com\/index.php\/wp-json\/wp\/v2\/product"}],"about":[{"href":"https:\/\/libreriahistoriasdebolsillo.com\/index.php\/wp-json\/wp\/v2\/types\/product"}],"wp:featuredmedia":[{"embeddable":true,"href":"https:\/\/libreriahistoriasdebolsillo.com\/index.php\/wp-json\/wp\/v2\/media\/5981"}],"wp:attachment":[{"href":"https:\/\/libreriahistoriasdebolsillo.com\/index.php\/wp-json\/wp\/v2\/media?parent=5980"}],"wp:term":[{"taxonomy":"product_brand","embeddable":true,"href":"https:\/\/libreriahistoriasdebolsillo.com\/index.php\/wp-json\/wp\/v2\/product_brand?post=5980"},{"taxonomy":"product_cat","embeddable":true,"href":"https:\/\/libreriahistoriasdebolsillo.com\/index.php\/wp-json\/wp\/v2\/product_cat?post=5980"},{"taxonomy":"product_tag","embeddable":true,"href":"https:\/\/libreriahistoriasdebolsillo.com\/index.php\/wp-json\/wp\/v2\/product_tag?post=5980"}],"curies":[{"name":"wp","href":"https:\/\/api.w.org\/{rel}","templated":true}]}}