{"id":5986,"date":"2024-11-27T14:53:49","date_gmt":"2024-11-27T20:53:49","guid":{"rendered":"https:\/\/libreriahistoriasdebolsillo.com\/?post_type=product&#038;p=5986"},"modified":"2026-03-14T13:40:34","modified_gmt":"2026-03-14T19:40:34","slug":"poemas-para-almas-torturadas","status":"publish","type":"product","link":"https:\/\/libreriahistoriasdebolsillo.com\/index.php\/producto\/poemas-para-almas-torturadas\/","title":{"rendered":"Poemas para almas torturadas"},"content":{"rendered":"<p>Esta es una introducci\u00f3n a las apasionadas palabras de algunos de los poetas m\u00e1s celebrados de la lengua inglesa. Inspirada en la mejor letrista de la actualidad, Taylor Swift, esta colecci\u00f3n rebosa de\u2026 folclore, amor, dolor, venganza y paz. El b\u00e1lsamo perfecto para cualquier alma atormentada. Con poemas de Emily Dickinson, Elizabeth Barrett Browning, William Shakespeare, Lewis Carroll y muchos m\u00e1s, esta antolog\u00eda melanc\u00f3lica y nost\u00e1lgica rinde homenaje a los poetas m\u00e1s famosos y torturados.<\/p>\n","protected":false},"excerpt":{"rendered":"<p>Liz Ison<\/p>\n","protected":false},"featured_media":5987,"template":"","meta":{"_joinchat":[]},"product_brand":[],"product_cat":[70,65],"product_tag":[48],"class_list":{"0":"post-5986","1":"product","2":"type-product","3":"status-publish","4":"has-post-thumbnail","6":"product_cat-novedades","7":"product_cat-poesia","8":"product_tag-vr-editoras","10":"first","11":"instock","12":"shipping-taxable","13":"purchasable","14":"product-type-simple"},"_links":{"self":[{"href":"https:\/\/libreriahistoriasdebolsillo.com\/index.php\/wp-json\/wp\/v2\/product\/5986","targetHints":{"allow":["GET"]}}],"collection":[{"href":"https:\/\/libreriahistoriasdebolsillo.com\/index.php\/wp-json\/wp\/v2\/product"}],"about":[{"href":"https:\/\/libreriahistoriasdebolsillo.com\/index.php\/wp-json\/wp\/v2\/types\/product"}],"wp:featuredmedia":[{"embeddable":true,"href":"https:\/\/libreriahistoriasdebolsillo.com\/index.php\/wp-json\/wp\/v2\/media\/5987"}],"wp:attachment":[{"href":"https:\/\/libreriahistoriasdebolsillo.com\/index.php\/wp-json\/wp\/v2\/media?parent=5986"}],"wp:term":[{"taxonomy":"product_brand","embeddable":true,"href":"https:\/\/libreriahistoriasdebolsillo.com\/index.php\/wp-json\/wp\/v2\/product_brand?post=5986"},{"taxonomy":"product_cat","embeddable":true,"href":"https:\/\/libreriahistoriasdebolsillo.com\/index.php\/wp-json\/wp\/v2\/product_cat?post=5986"},{"taxonomy":"product_tag","embeddable":true,"href":"https:\/\/libreriahistoriasdebolsillo.com\/index.php\/wp-json\/wp\/v2\/product_tag?post=5986"}],"curies":[{"name":"wp","href":"https:\/\/api.w.org\/{rel}","templated":true}]}}