{"id":5992,"date":"2024-12-09T11:33:38","date_gmt":"2024-12-09T17:33:38","guid":{"rendered":"https:\/\/libreriahistoriasdebolsillo.com\/?post_type=product&#038;p=5992"},"modified":"2026-02-24T15:43:33","modified_gmt":"2026-02-24T21:43:33","slug":"llamame-por-tu-nombre-2","status":"publish","type":"product","link":"https:\/\/libreriahistoriasdebolsillo.com\/index.php\/producto\/llamame-por-tu-nombre-2\/","title":{"rendered":"Ll\u00e1mame por tu nombre"},"content":{"rendered":"<p>Un viaje por los rincones m\u00e1s profundos de los sentimientos y del erotismo.<\/p>\n<p>Ll\u00e1mame por tu n\u00famero ha ser galardonada con el Lambda Literary Award, mejor Libro del A\u00f1o seg\u00fan The Washington Post y Publishers Weekly es la novela en la que se basa la pel\u00edcula Call me by your name.<\/p>\n<p>En una localidad de la costa de Italia, durante la d\u00e9cada de los ochenta, la familia de Elio instaur\u00f3 la tradici\u00f3n de recibir en el verano a estudiantes o creadores j\u00f3venes que, a cambio de alojamiento, ayudaran al cabeza de familia, catedr\u00e1tico, en sus compromisos culturales.<\/p>\n<p>Oliver es el elegido este verano, un joven escritor norteamericano que pronto excit\u00f3 la imaginaci\u00f3n de Elio. Durante las siguientes semanas, los impulsos ocultos de obsesi\u00f3n y miedo, fascinaci\u00f3n y deseo intensificar\u00e1n su pasi\u00f3n.<\/p>\n","protected":false},"excerpt":{"rendered":"<p>Andr\u00e9 Aciman<\/p>\n<p>272 p\u00e1ginas<\/p>\n","protected":false},"featured_media":5993,"template":"","meta":{"_joinchat":[]},"product_brand":[],"product_cat":[38,70],"product_tag":[34],"class_list":{"0":"post-5992","1":"product","2":"type-product","3":"status-publish","4":"has-post-thumbnail","6":"product_cat-lgbtq","7":"product_cat-novedades","8":"product_tag-penguin-random-house","10":"first","11":"instock","12":"shipping-taxable","13":"purchasable","14":"product-type-simple"},"_links":{"self":[{"href":"https:\/\/libreriahistoriasdebolsillo.com\/index.php\/wp-json\/wp\/v2\/product\/5992","targetHints":{"allow":["GET"]}}],"collection":[{"href":"https:\/\/libreriahistoriasdebolsillo.com\/index.php\/wp-json\/wp\/v2\/product"}],"about":[{"href":"https:\/\/libreriahistoriasdebolsillo.com\/index.php\/wp-json\/wp\/v2\/types\/product"}],"wp:featuredmedia":[{"embeddable":true,"href":"https:\/\/libreriahistoriasdebolsillo.com\/index.php\/wp-json\/wp\/v2\/media\/5993"}],"wp:attachment":[{"href":"https:\/\/libreriahistoriasdebolsillo.com\/index.php\/wp-json\/wp\/v2\/media?parent=5992"}],"wp:term":[{"taxonomy":"product_brand","embeddable":true,"href":"https:\/\/libreriahistoriasdebolsillo.com\/index.php\/wp-json\/wp\/v2\/product_brand?post=5992"},{"taxonomy":"product_cat","embeddable":true,"href":"https:\/\/libreriahistoriasdebolsillo.com\/index.php\/wp-json\/wp\/v2\/product_cat?post=5992"},{"taxonomy":"product_tag","embeddable":true,"href":"https:\/\/libreriahistoriasdebolsillo.com\/index.php\/wp-json\/wp\/v2\/product_tag?post=5992"}],"curies":[{"name":"wp","href":"https:\/\/api.w.org\/{rel}","templated":true}]}}