{"id":5996,"date":"2024-12-09T11:38:04","date_gmt":"2024-12-09T17:38:04","guid":{"rendered":"https:\/\/libreriahistoriasdebolsillo.com\/?post_type=product&#038;p=5996"},"modified":"2026-02-04T14:50:07","modified_gmt":"2026-02-04T20:50:07","slug":"actos-humanos","status":"publish","type":"product","link":"https:\/\/libreriahistoriasdebolsillo.com\/index.php\/producto\/actos-humanos\/","title":{"rendered":"Actos Humanos"},"content":{"rendered":"<p><b>Mayo de 1980<\/b>. La ciudad de Gwangju se moviliza contra la dictadura militar de Chun Doo-hwan, que hace unos meses tom\u00f3 el poder en Corea del Sur. La oposici\u00f3n civil, liderada por los estudiantes universitarios, se subleva a favor de la democracia, pero el ej\u00e9rcito reprime cruelmente las protestas disparando indiscriminadamente a la multitud, sin hacer distinciones entre estudiantes y civiles.<\/p>\n<p>Tras la sanguinaria matanza, un joven busca el cad\u00e1ver de un amigo, un alma intenta aferrarse a su cuerpo abandonado y a sus recuerdos, y un pa\u00eds brutalizado busca su voz. En esta novela polif\u00f3nica, las v\u00edctimas y los supervivientes que los lloran se enfrentan a la censura, a la negaci\u00f3n, al perd\u00f3n, a la culpa y a la memoria de un episodio traum\u00e1tico que sigue resonando en nuestros d\u00edas.<\/p>\n<p>Han Kang, galardonada con el premio Nobel de Literatura \u00abpor su intensa prosa po\u00e9tica que confronta los traumas hist\u00f3ricos y expone la fragilidad de la vida humana\u00bb, homenajea a las v\u00edctimas de la masacre de su ciudad natal a trav\u00e9s de las voces de los m\u00e1rtires de la dictadura surcoreana.<i>\u00a0Actos humanos<\/i>\u00a0es una novela brutal, profundamente atemporal y universal que nos habla de las heridas colectivas, la represi\u00f3n y la violencia humana.<\/p>\n","protected":false},"excerpt":{"rendered":"<p>Han Kang<\/p>\n<p>208 p\u00e1ginas<\/p>\n","protected":false},"featured_media":5997,"template":"","meta":{"_joinchat":[]},"product_brand":[],"product_cat":[78,33,70],"product_tag":[34],"class_list":{"0":"post-5996","1":"product","2":"type-product","3":"status-publish","4":"has-post-thumbnail","6":"product_cat-contemporanea","7":"product_cat-ficcion-general","8":"product_cat-novedades","9":"product_tag-penguin-random-house","11":"first","12":"instock","13":"shipping-taxable","14":"purchasable","15":"product-type-simple"},"_links":{"self":[{"href":"https:\/\/libreriahistoriasdebolsillo.com\/index.php\/wp-json\/wp\/v2\/product\/5996","targetHints":{"allow":["GET"]}}],"collection":[{"href":"https:\/\/libreriahistoriasdebolsillo.com\/index.php\/wp-json\/wp\/v2\/product"}],"about":[{"href":"https:\/\/libreriahistoriasdebolsillo.com\/index.php\/wp-json\/wp\/v2\/types\/product"}],"wp:featuredmedia":[{"embeddable":true,"href":"https:\/\/libreriahistoriasdebolsillo.com\/index.php\/wp-json\/wp\/v2\/media\/5997"}],"wp:attachment":[{"href":"https:\/\/libreriahistoriasdebolsillo.com\/index.php\/wp-json\/wp\/v2\/media?parent=5996"}],"wp:term":[{"taxonomy":"product_brand","embeddable":true,"href":"https:\/\/libreriahistoriasdebolsillo.com\/index.php\/wp-json\/wp\/v2\/product_brand?post=5996"},{"taxonomy":"product_cat","embeddable":true,"href":"https:\/\/libreriahistoriasdebolsillo.com\/index.php\/wp-json\/wp\/v2\/product_cat?post=5996"},{"taxonomy":"product_tag","embeddable":true,"href":"https:\/\/libreriahistoriasdebolsillo.com\/index.php\/wp-json\/wp\/v2\/product_tag?post=5996"}],"curies":[{"name":"wp","href":"https:\/\/api.w.org\/{rel}","templated":true}]}}