{"id":5998,"date":"2024-12-09T11:39:46","date_gmt":"2024-12-09T17:39:46","guid":{"rendered":"https:\/\/libreriahistoriasdebolsillo.com\/?post_type=product&#038;p=5998"},"modified":"2025-04-08T10:33:20","modified_gmt":"2025-04-08T16:33:20","slug":"este-libro-es-mas-barato-que-la-terapia","status":"publish","type":"product","link":"https:\/\/libreriahistoriasdebolsillo.com\/index.php\/producto\/este-libro-es-mas-barato-que-la-terapia\/","title":{"rendered":"Este libro es m\u00e1s barato que la terapia"},"content":{"rendered":"<p><b>Encontrar un buen terapeuta es dif\u00edcil. Encontrar un buen terapeuta con el que te sientas bien y que no te arruine las finanzas es a\u00fan m\u00e1s dif\u00edcil.<\/b><\/p>\n<p>En\u00a0<i><b>Este libro es m\u00e1s barato que la terapia<\/b><\/i>, la experimentada terapeuta\u00a0<b>Liz Kelly<\/b>\u00a0te acerca al consultorio. Ella tiene la habilidad de explicar conceptos complejos de salud mental de manera que se pueden entender y poner en\u00a0<b>pr\u00e1ctica<\/b>\u00a0de inmediato.<\/p>\n<p>Aprende c\u00f3mo:<\/p>\n<p>Practicar un\u00a0<b>verdadero cuidado<\/b>\u00a0personal cuando la vida te resulte abrumadora.<\/p>\n<p>Silenciar y domar a tu\u00a0<b>cr\u00edtico interior<\/b>.<\/p>\n<p>Gestionar todas las\u00a0<b>emociones<\/b>\u00a0(incluso aquellas que pretendes ignorar).<\/p>\n<p>Establecer l\u00edmites y dominar el arte de decir \u201c<b>no<\/b>\u201d.<\/p>\n<p>Mantener\u00a0<b>relaciones saludables<\/b>\u00a0y encontrar a tu gente.<\/p>\n<p>Hacer frente al\u00a0<b>dolor del duelo<\/b>\u00a0y la p\u00e9rdida.<\/p>\n<p>Priorizar tus\u00a0<b>valores<\/b>\u00a0para crear una vida m\u00e1s significativa y espectacular (\u00a1porque te lo mereces!).<\/p>\n","protected":false},"excerpt":{"rendered":"<p>Liz Kelly<\/p>\n<p>264 p\u00e1ginas<\/p>\n","protected":false},"featured_media":5999,"template":"","meta":{"_joinchat":[]},"product_brand":[],"product_cat":[58,70],"product_tag":[34],"class_list":{"0":"post-5998","1":"product","2":"type-product","3":"status-publish","4":"has-post-thumbnail","6":"product_cat-desarrollo-humano-y-superacion","7":"product_cat-novedades","8":"product_tag-penguin-random-house","10":"first","11":"outofstock","12":"shipping-taxable","13":"purchasable","14":"product-type-simple"},"_links":{"self":[{"href":"https:\/\/libreriahistoriasdebolsillo.com\/index.php\/wp-json\/wp\/v2\/product\/5998","targetHints":{"allow":["GET"]}}],"collection":[{"href":"https:\/\/libreriahistoriasdebolsillo.com\/index.php\/wp-json\/wp\/v2\/product"}],"about":[{"href":"https:\/\/libreriahistoriasdebolsillo.com\/index.php\/wp-json\/wp\/v2\/types\/product"}],"wp:featuredmedia":[{"embeddable":true,"href":"https:\/\/libreriahistoriasdebolsillo.com\/index.php\/wp-json\/wp\/v2\/media\/5999"}],"wp:attachment":[{"href":"https:\/\/libreriahistoriasdebolsillo.com\/index.php\/wp-json\/wp\/v2\/media?parent=5998"}],"wp:term":[{"taxonomy":"product_brand","embeddable":true,"href":"https:\/\/libreriahistoriasdebolsillo.com\/index.php\/wp-json\/wp\/v2\/product_brand?post=5998"},{"taxonomy":"product_cat","embeddable":true,"href":"https:\/\/libreriahistoriasdebolsillo.com\/index.php\/wp-json\/wp\/v2\/product_cat?post=5998"},{"taxonomy":"product_tag","embeddable":true,"href":"https:\/\/libreriahistoriasdebolsillo.com\/index.php\/wp-json\/wp\/v2\/product_tag?post=5998"}],"curies":[{"name":"wp","href":"https:\/\/api.w.org\/{rel}","templated":true}]}}