{"id":6007,"date":"2024-12-20T11:47:52","date_gmt":"2024-12-20T17:47:52","guid":{"rendered":"https:\/\/libreriahistoriasdebolsillo.com\/?post_type=product&#038;p=6007"},"modified":"2026-03-12T18:24:52","modified_gmt":"2026-03-13T00:24:52","slug":"la-clase-de-griego","status":"publish","type":"product","link":"https:\/\/libreriahistoriasdebolsillo.com\/index.php\/producto\/la-clase-de-griego\/","title":{"rendered":"La clase de griego"},"content":{"rendered":"<p>En Se\u00fal, una mujer asiste a clases de griego antiguo. Su profesor le pide que lea en voz alta pero ella permanece en silencio; ha perdido la capacidad del lenguaje, as\u00ed como a su madre y la custodia de un hijo de ocho a\u00f1os. Su \u00fanica esperanza de recuperar el habla es mediante el aprendizaje de una lengua muerta.<\/p>\n<p>El profesor, que acaba de regresar a Corea despu\u00e9s de pasar media vida en Alemania, se encuentra dividido entre dos culturas y dos lenguas. Tambi\u00e9n \u00e9l afronta p\u00e9rdidas: su vista empeora irreversiblemente a cada d\u00eda que pasa, y convive con el miedo de saber que, cuando llegue la ceguera total, perder\u00e1 toda autonom\u00eda.<\/p>\n<p>Con una belleza inusitada, las voces \u00edntimas de estos dos protagonistas se intercalan y se cruzan en un momento de desesperaci\u00f3n. \u00bfSer\u00e1 posible que encuentren en el otro el modo de salvarse, que la oscuridad d\u00e9 paso a la luz y el silencio a la palabra?<\/p>\n<p>La aclamada autora de<i>\u00a0La<\/i>\u00a0<i>vegetariana<\/i>\u00a0indaga en la p\u00e9rdida, la violencia y la fr\u00e1gil relaci\u00f3n de nuestros sentidos con el mundo para brindarnos una carta de amor a la filosof\u00eda, la literatura y el lenguaje, pero, sobre todo, a la esencia de la conexi\u00f3n humana y de lo que significa sentirse vivo.<\/p>\n","protected":false},"excerpt":{"rendered":"<p>Han Kang<\/p>\n<p>176 p\u00e1ginas<\/p>\n","protected":false},"featured_media":6008,"template":"","meta":{"_joinchat":[]},"product_brand":[],"product_cat":[78,33,70],"product_tag":[34],"class_list":{"0":"post-6007","1":"product","2":"type-product","3":"status-publish","4":"has-post-thumbnail","6":"product_cat-contemporanea","7":"product_cat-ficcion-general","8":"product_cat-novedades","9":"product_tag-penguin-random-house","11":"first","12":"instock","13":"shipping-taxable","14":"purchasable","15":"product-type-simple"},"_links":{"self":[{"href":"https:\/\/libreriahistoriasdebolsillo.com\/index.php\/wp-json\/wp\/v2\/product\/6007","targetHints":{"allow":["GET"]}}],"collection":[{"href":"https:\/\/libreriahistoriasdebolsillo.com\/index.php\/wp-json\/wp\/v2\/product"}],"about":[{"href":"https:\/\/libreriahistoriasdebolsillo.com\/index.php\/wp-json\/wp\/v2\/types\/product"}],"wp:featuredmedia":[{"embeddable":true,"href":"https:\/\/libreriahistoriasdebolsillo.com\/index.php\/wp-json\/wp\/v2\/media\/6008"}],"wp:attachment":[{"href":"https:\/\/libreriahistoriasdebolsillo.com\/index.php\/wp-json\/wp\/v2\/media?parent=6007"}],"wp:term":[{"taxonomy":"product_brand","embeddable":true,"href":"https:\/\/libreriahistoriasdebolsillo.com\/index.php\/wp-json\/wp\/v2\/product_brand?post=6007"},{"taxonomy":"product_cat","embeddable":true,"href":"https:\/\/libreriahistoriasdebolsillo.com\/index.php\/wp-json\/wp\/v2\/product_cat?post=6007"},{"taxonomy":"product_tag","embeddable":true,"href":"https:\/\/libreriahistoriasdebolsillo.com\/index.php\/wp-json\/wp\/v2\/product_tag?post=6007"}],"curies":[{"name":"wp","href":"https:\/\/api.w.org\/{rel}","templated":true}]}}