{"id":6009,"date":"2024-12-20T11:49:27","date_gmt":"2024-12-20T17:49:27","guid":{"rendered":"https:\/\/libreriahistoriasdebolsillo.com\/?post_type=product&#038;p=6009"},"modified":"2026-02-04T14:58:49","modified_gmt":"2026-02-04T20:58:49","slug":"imposible-decir-adios","status":"publish","type":"product","link":"https:\/\/libreriahistoriasdebolsillo.com\/index.php\/producto\/imposible-decir-adios\/","title":{"rendered":"Imposible decir adi\u00f3s"},"content":{"rendered":"<p>Una g\u00e9lida ma\u00f1ana de finales de diciembre, Gyeongha recibe un inesperado mensaje de su amiga Inseon: despu\u00e9s de sufrir un accidente en su taller de carpinter\u00eda en la isla de Jeju, ha sido trasladada de urgencia a un hospital de Se\u00fal. Desde la cama, Inseon le ruega que tome el primer vuelo a la isla y se ocupe de su peque\u00f1a cotorra antes de que se le acaben el agua y la comida.<\/p>\n<p>Pero, desafortunadamente, cuando Gyeongha llega a Jeju se desata una terrible tormenta de nieve. \u00bfLlegar\u00e1 a tiempo para salvar al p\u00e1jaro antes de que caiga la noche?, \u00bfsobrevivir\u00e1 al viento helado que la envuelve a cada paso? Lo que ni siquiera sospecha es que algo m\u00e1s oscuro la espera en casa de su amiga.<\/p>\n<p>All\u00ed, la historia enterrada de la familia de Inseon est\u00e1 a punto de salir a la luz a trav\u00e9s de los sue\u00f1os y los recuerdos transmitidos de madre a hija y de un archivo cuidadosamente compilado que documenta una de las peores masacres de la historia de Corea.<\/p>\n<p><i>Imposible<\/i>\u00a0<i>decir<\/i>\u00a0<i>adi\u00f3s<\/i>, la novela m\u00e1s reciente de la premio Nobel y galardonada con el M\u00e9dicis \u00c9tranger, es un himno a la amistad y un canto a la imaginaci\u00f3n, pero sobre todo una poderosa denuncia contra el olvido.<\/p>\n","protected":false},"excerpt":{"rendered":"<p>Han Kang<\/p>\n<p>256 p\u00e1ginas<\/p>\n","protected":false},"featured_media":6010,"template":"","meta":{"_joinchat":[]},"product_brand":[],"product_cat":[78,33,70],"product_tag":[34],"class_list":{"0":"post-6009","1":"product","2":"type-product","3":"status-publish","4":"has-post-thumbnail","6":"product_cat-contemporanea","7":"product_cat-ficcion-general","8":"product_cat-novedades","9":"product_tag-penguin-random-house","11":"first","12":"outofstock","13":"shipping-taxable","14":"purchasable","15":"product-type-simple"},"_links":{"self":[{"href":"https:\/\/libreriahistoriasdebolsillo.com\/index.php\/wp-json\/wp\/v2\/product\/6009","targetHints":{"allow":["GET"]}}],"collection":[{"href":"https:\/\/libreriahistoriasdebolsillo.com\/index.php\/wp-json\/wp\/v2\/product"}],"about":[{"href":"https:\/\/libreriahistoriasdebolsillo.com\/index.php\/wp-json\/wp\/v2\/types\/product"}],"wp:featuredmedia":[{"embeddable":true,"href":"https:\/\/libreriahistoriasdebolsillo.com\/index.php\/wp-json\/wp\/v2\/media\/6010"}],"wp:attachment":[{"href":"https:\/\/libreriahistoriasdebolsillo.com\/index.php\/wp-json\/wp\/v2\/media?parent=6009"}],"wp:term":[{"taxonomy":"product_brand","embeddable":true,"href":"https:\/\/libreriahistoriasdebolsillo.com\/index.php\/wp-json\/wp\/v2\/product_brand?post=6009"},{"taxonomy":"product_cat","embeddable":true,"href":"https:\/\/libreriahistoriasdebolsillo.com\/index.php\/wp-json\/wp\/v2\/product_cat?post=6009"},{"taxonomy":"product_tag","embeddable":true,"href":"https:\/\/libreriahistoriasdebolsillo.com\/index.php\/wp-json\/wp\/v2\/product_tag?post=6009"}],"curies":[{"name":"wp","href":"https:\/\/api.w.org\/{rel}","templated":true}]}}