{"id":6021,"date":"2024-12-20T12:05:16","date_gmt":"2024-12-20T18:05:16","guid":{"rendered":"https:\/\/libreriahistoriasdebolsillo.com\/?post_type=product&#038;p=6021"},"modified":"2025-02-21T13:38:22","modified_gmt":"2025-02-21T19:38:22","slug":"felicidad","status":"publish","type":"product","link":"https:\/\/libreriahistoriasdebolsillo.com\/index.php\/producto\/felicidad\/","title":{"rendered":"Felicidad"},"content":{"rendered":"<p>Cuando nos apegamos a la\u00a0<b>felicidad<\/b>, negamos la dualidad de la existencia humana. Confundimos el\u00a0<b>placer<\/b>\u00a0con la felicidad, lo que nos aleja de la posibilidad de vivir la aut\u00e9ntica\u00a0<b>experiencia<\/b>\u00a0que nos proporcionar\u00eda una vida plena. La felicidad, explica Osho, es el resultado de vivir la vida en su totalidad.<\/p>\n<p>La gran paradoja es que la felicidad no puede buscarse. La aut\u00e9ntica b\u00fasqueda es la de la verdad, y es entonces cuando\u00a0<b>hallamos la felicidad.<\/b><\/p>\n<p>Este libro incluye una interesante selecci\u00f3n de\u00a0<b>preguntas y respuestas<\/b>\u00a0sobre la naturaleza de la felicidad y los dilemas que plantea, e ilustra de forma pr\u00e1ctica las cuestiones abordadas proponi\u00e9ndonos una nueva manera de vivir la vida.<\/p>\n<p><i><b>Felicidad<\/b><\/i>\u00a0es el duod\u00e9cimo t\u00edtulo de la serie Claves para una nueva forma de vivir, un \u00e9xito de ventas mundial de Osho.<\/p>\n","protected":false},"excerpt":{"rendered":"<p>Osho<\/p>\n<p>200 p\u00e1ginas<\/p>\n","protected":false},"featured_media":6022,"template":"","meta":{"_joinchat":[]},"product_brand":[],"product_cat":[41,51],"product_tag":[34],"class_list":{"0":"post-6021","1":"product","2":"type-product","3":"status-publish","4":"has-post-thumbnail","6":"product_cat-desarrollo-humano","7":"product_cat-oferta","8":"product_tag-penguin-random-house","10":"first","11":"outofstock","12":"shipping-taxable","13":"purchasable","14":"product-type-simple"},"_links":{"self":[{"href":"https:\/\/libreriahistoriasdebolsillo.com\/index.php\/wp-json\/wp\/v2\/product\/6021","targetHints":{"allow":["GET"]}}],"collection":[{"href":"https:\/\/libreriahistoriasdebolsillo.com\/index.php\/wp-json\/wp\/v2\/product"}],"about":[{"href":"https:\/\/libreriahistoriasdebolsillo.com\/index.php\/wp-json\/wp\/v2\/types\/product"}],"wp:featuredmedia":[{"embeddable":true,"href":"https:\/\/libreriahistoriasdebolsillo.com\/index.php\/wp-json\/wp\/v2\/media\/6022"}],"wp:attachment":[{"href":"https:\/\/libreriahistoriasdebolsillo.com\/index.php\/wp-json\/wp\/v2\/media?parent=6021"}],"wp:term":[{"taxonomy":"product_brand","embeddable":true,"href":"https:\/\/libreriahistoriasdebolsillo.com\/index.php\/wp-json\/wp\/v2\/product_brand?post=6021"},{"taxonomy":"product_cat","embeddable":true,"href":"https:\/\/libreriahistoriasdebolsillo.com\/index.php\/wp-json\/wp\/v2\/product_cat?post=6021"},{"taxonomy":"product_tag","embeddable":true,"href":"https:\/\/libreriahistoriasdebolsillo.com\/index.php\/wp-json\/wp\/v2\/product_tag?post=6021"}],"curies":[{"name":"wp","href":"https:\/\/api.w.org\/{rel}","templated":true}]}}