{"id":6025,"date":"2024-12-20T12:09:30","date_gmt":"2024-12-20T18:09:30","guid":{"rendered":"https:\/\/libreriahistoriasdebolsillo.com\/?post_type=product&#038;p=6025"},"modified":"2025-05-07T09:44:28","modified_gmt":"2025-05-07T15:44:28","slug":"muchas-vidas-muchos-maestros-tapa-dura","status":"publish","type":"product","link":"https:\/\/libreriahistoriasdebolsillo.com\/index.php\/producto\/muchas-vidas-muchos-maestros-tapa-dura\/","title":{"rendered":"Muchas vidas, muchos maestros (tapa dura)"},"content":{"rendered":"<p>Como\u00a0<b>psicoterapeuta<\/b>\u00a0tradicional, el doctor\u00a0<b>Brian Weiss<\/b>\u00a0qued\u00f3 asombrado y esc\u00e9ptico cuando una de sus pacientes comenz\u00f3 a recordar traumas de vidas pasadas que parec\u00edan ser la clave de sus pesadillas y ataques de ansiedad recurrentes. Sin embargo, su escepticismo se desvaneci\u00f3 cuando ella comenz\u00f3 a canalizar mensajes desde el \u201c<b>espacio entre vidas<\/b>\u201d, que conten\u00edan revelaciones notables sobre su familia y su hijo fallecido.<\/p>\n<p>Mediante la\u00a0<b>terapia de regresi\u00f3n<\/b>, pudo curar a la paciente y embarcarse en una nueva fase m\u00e1s significativa de su propia carrera y de su vida. Este libro sigue siendo tan provocador y atemporal como lo fue cuando se public\u00f3 por primera vez: es \u00fanico, revolucionario y profundamente conmovedor, pues contiene importantes mensajes de sabidur\u00eda y de conocimiento.<\/p>\n","protected":false},"excerpt":{"rendered":"<p>Brian Weiss<\/p>\n<p>224 p\u00e1ginas<\/p>\n","protected":false},"featured_media":6026,"template":"","meta":{"_joinchat":[]},"product_brand":[],"product_cat":[58,41],"product_tag":[34],"class_list":{"0":"post-6025","1":"product","2":"type-product","3":"status-publish","4":"has-post-thumbnail","6":"product_cat-desarrollo-humano-y-superacion","7":"product_cat-desarrollo-humano","8":"product_tag-penguin-random-house","10":"first","11":"outofstock","12":"shipping-taxable","13":"purchasable","14":"product-type-simple"},"_links":{"self":[{"href":"https:\/\/libreriahistoriasdebolsillo.com\/index.php\/wp-json\/wp\/v2\/product\/6025","targetHints":{"allow":["GET"]}}],"collection":[{"href":"https:\/\/libreriahistoriasdebolsillo.com\/index.php\/wp-json\/wp\/v2\/product"}],"about":[{"href":"https:\/\/libreriahistoriasdebolsillo.com\/index.php\/wp-json\/wp\/v2\/types\/product"}],"wp:featuredmedia":[{"embeddable":true,"href":"https:\/\/libreriahistoriasdebolsillo.com\/index.php\/wp-json\/wp\/v2\/media\/6026"}],"wp:attachment":[{"href":"https:\/\/libreriahistoriasdebolsillo.com\/index.php\/wp-json\/wp\/v2\/media?parent=6025"}],"wp:term":[{"taxonomy":"product_brand","embeddable":true,"href":"https:\/\/libreriahistoriasdebolsillo.com\/index.php\/wp-json\/wp\/v2\/product_brand?post=6025"},{"taxonomy":"product_cat","embeddable":true,"href":"https:\/\/libreriahistoriasdebolsillo.com\/index.php\/wp-json\/wp\/v2\/product_cat?post=6025"},{"taxonomy":"product_tag","embeddable":true,"href":"https:\/\/libreriahistoriasdebolsillo.com\/index.php\/wp-json\/wp\/v2\/product_tag?post=6025"}],"curies":[{"name":"wp","href":"https:\/\/api.w.org\/{rel}","templated":true}]}}