{"id":6030,"date":"2024-12-20T14:11:28","date_gmt":"2024-12-20T20:11:28","guid":{"rendered":"https:\/\/libreriahistoriasdebolsillo.com\/?post_type=product&#038;p=6030"},"modified":"2025-06-12T17:22:50","modified_gmt":"2025-06-12T23:22:50","slug":"estrategia-en-el-ajedrez","status":"publish","type":"product","link":"https:\/\/libreriahistoriasdebolsillo.com\/index.php\/producto\/estrategia-en-el-ajedrez\/","title":{"rendered":"Estrategia en el ajedrez"},"content":{"rendered":"<p>Seguro que, durante una partida de ajedrez, alguna vez te han derrotado porque la estrategia de tu contrincante era mejor que la tuya. \u00bfQuieres planificar mejor tu juego? \u00bfTe gustar\u00eda batir a tu oponente? No lo pienses m\u00e1s. Este manual te ofrece todas las respuestas para competir con \u00e9xito: Consejos pr\u00e1cticos, ejemplos comentados de los mejores ajedrecistas de la historia y t\u00e9cnicas que te ayudar\u00e1n a planificar las partidas. M\u00e1s de 80 ejercicios pr\u00e1cticos solucionados que potenciar\u00e1n tu t\u00e1ctica y tu estrategia.<\/p>\n","protected":false},"excerpt":{"rendered":"<p>Miguel Illescas<\/p>\n<p>173 p\u00e1ginas<\/p>\n","protected":false},"featured_media":6031,"template":"","meta":{"_joinchat":[]},"product_brand":[],"product_cat":[41],"product_tag":[48],"class_list":{"0":"post-6030","1":"product","2":"type-product","3":"status-publish","4":"has-post-thumbnail","6":"product_cat-desarrollo-humano","7":"product_tag-vr-editoras","9":"first","10":"instock","11":"shipping-taxable","12":"purchasable","13":"product-type-simple"},"_links":{"self":[{"href":"https:\/\/libreriahistoriasdebolsillo.com\/index.php\/wp-json\/wp\/v2\/product\/6030","targetHints":{"allow":["GET"]}}],"collection":[{"href":"https:\/\/libreriahistoriasdebolsillo.com\/index.php\/wp-json\/wp\/v2\/product"}],"about":[{"href":"https:\/\/libreriahistoriasdebolsillo.com\/index.php\/wp-json\/wp\/v2\/types\/product"}],"wp:featuredmedia":[{"embeddable":true,"href":"https:\/\/libreriahistoriasdebolsillo.com\/index.php\/wp-json\/wp\/v2\/media\/6031"}],"wp:attachment":[{"href":"https:\/\/libreriahistoriasdebolsillo.com\/index.php\/wp-json\/wp\/v2\/media?parent=6030"}],"wp:term":[{"taxonomy":"product_brand","embeddable":true,"href":"https:\/\/libreriahistoriasdebolsillo.com\/index.php\/wp-json\/wp\/v2\/product_brand?post=6030"},{"taxonomy":"product_cat","embeddable":true,"href":"https:\/\/libreriahistoriasdebolsillo.com\/index.php\/wp-json\/wp\/v2\/product_cat?post=6030"},{"taxonomy":"product_tag","embeddable":true,"href":"https:\/\/libreriahistoriasdebolsillo.com\/index.php\/wp-json\/wp\/v2\/product_tag?post=6030"}],"curies":[{"name":"wp","href":"https:\/\/api.w.org\/{rel}","templated":true}]}}