{"id":6032,"date":"2024-12-20T14:13:03","date_gmt":"2024-12-20T20:13:03","guid":{"rendered":"https:\/\/libreriahistoriasdebolsillo.com\/?post_type=product&#038;p=6032"},"modified":"2026-01-16T13:29:21","modified_gmt":"2026-01-16T19:29:21","slug":"tactica-en-el-ajedrez","status":"publish","type":"product","link":"https:\/\/libreriahistoriasdebolsillo.com\/index.php\/producto\/tactica-en-el-ajedrez\/","title":{"rendered":"T\u00e1ctica en el ajedrez"},"content":{"rendered":"<p>En el ajedrez, cada jugada exige una decisi\u00f3n que puede condicionar el resultado final. Este innovador m\u00e9todo de estudio te ofrece la posibilidad de avanzar paso a paso a trav\u00e9s de los recursos t\u00e1cticos m\u00e1s famosos del ajedrez desde un enfoque did\u00e1ctico orientado a la pr\u00e1ctica. En este libro encontrar\u00e1s: las principales t\u00e1cticas del ajedrez explicadas con ejemplos y consejos para vencer a tu rival, un gran n\u00famero de ejercicios para practicar maniobras, jugadas y combinaciones, con sus soluciones y que te proporcionar\u00e1n la confianza que necesitas como jugador.<\/p>\n","protected":false},"excerpt":{"rendered":"<p>Miguel Illescas<\/p>\n<p>208 p\u00e1ginas<\/p>\n","protected":false},"featured_media":6033,"template":"","meta":{"_joinchat":[]},"product_brand":[],"product_cat":[41],"product_tag":[48],"class_list":{"0":"post-6032","1":"product","2":"type-product","3":"status-publish","4":"has-post-thumbnail","6":"product_cat-desarrollo-humano","7":"product_tag-vr-editoras","9":"first","10":"instock","11":"shipping-taxable","12":"purchasable","13":"product-type-simple"},"_links":{"self":[{"href":"https:\/\/libreriahistoriasdebolsillo.com\/index.php\/wp-json\/wp\/v2\/product\/6032","targetHints":{"allow":["GET"]}}],"collection":[{"href":"https:\/\/libreriahistoriasdebolsillo.com\/index.php\/wp-json\/wp\/v2\/product"}],"about":[{"href":"https:\/\/libreriahistoriasdebolsillo.com\/index.php\/wp-json\/wp\/v2\/types\/product"}],"wp:featuredmedia":[{"embeddable":true,"href":"https:\/\/libreriahistoriasdebolsillo.com\/index.php\/wp-json\/wp\/v2\/media\/6033"}],"wp:attachment":[{"href":"https:\/\/libreriahistoriasdebolsillo.com\/index.php\/wp-json\/wp\/v2\/media?parent=6032"}],"wp:term":[{"taxonomy":"product_brand","embeddable":true,"href":"https:\/\/libreriahistoriasdebolsillo.com\/index.php\/wp-json\/wp\/v2\/product_brand?post=6032"},{"taxonomy":"product_cat","embeddable":true,"href":"https:\/\/libreriahistoriasdebolsillo.com\/index.php\/wp-json\/wp\/v2\/product_cat?post=6032"},{"taxonomy":"product_tag","embeddable":true,"href":"https:\/\/libreriahistoriasdebolsillo.com\/index.php\/wp-json\/wp\/v2\/product_tag?post=6032"}],"curies":[{"name":"wp","href":"https:\/\/api.w.org\/{rel}","templated":true}]}}