{"id":6038,"date":"2024-12-20T14:20:04","date_gmt":"2024-12-20T20:20:04","guid":{"rendered":"https:\/\/libreriahistoriasdebolsillo.com\/?post_type=product&#038;p=6038"},"modified":"2026-03-12T18:26:03","modified_gmt":"2026-03-13T00:26:03","slug":"heaven-breaker","status":"publish","type":"product","link":"https:\/\/libreriahistoriasdebolsillo.com\/index.php\/producto\/heaven-breaker\/","title":{"rendered":"Heaven Breaker"},"content":{"rendered":"<p>MI PADRE FUE EL PRIMERO EN MORIR. CON MI DAGA EN SU ESPALDA. No lo vio venir, no esper\u00f3 que la hija bastarda que envi\u00f3 a la muerte sobreviviera para vengarse. Ahora, solo me queda hacer que la Casa Hauteclare lo pague. Asesinar a los nobles que mataron a mi madre y que fallaron en matarme a m\u00ed tambi\u00e9n. Aunque eso signifique aliarme con Dravik, un noble de intenciones grises y un resentimiento que iguala al m\u00edo. Por \u00e9l, montar\u00e9 a Heavenbreaker, un robot de combate que lleva dormido desde la Gran Guerra. Pelear\u00e9 en la Copa Supernova en su nombre y, por cada enfrentamiento ganado, Dravik asesinar\u00e1 a uno de mis enemigos. Arrasar\u00e9 con todos. Incluso con aquellos quienes me importen. Incluso cuando sienta que hay algo conmigo en Heavenbreaker, combatiendo junto a m\u00ed en la inmensidad del espacio. EL UNIVERSO SE CRE\u00d3 EN SIETE D\u00cdAS. YO LO DESTRUIR\u00c9 EN SIETE MUERTES.<\/p>\n","protected":false},"excerpt":{"rendered":"<p>Sara Wolf<\/p>\n<p>584 p\u00e1ginas<\/p>\n","protected":false},"featured_media":6039,"template":"","meta":{"_joinchat":[]},"product_brand":[],"product_cat":[40,70],"product_tag":[48],"class_list":{"0":"post-6038","1":"product","2":"type-product","3":"status-publish","4":"has-post-thumbnail","6":"product_cat-ciencia-ficcion","7":"product_cat-novedades","8":"product_tag-vr-editoras","10":"first","11":"instock","12":"shipping-taxable","13":"purchasable","14":"product-type-simple"},"_links":{"self":[{"href":"https:\/\/libreriahistoriasdebolsillo.com\/index.php\/wp-json\/wp\/v2\/product\/6038","targetHints":{"allow":["GET"]}}],"collection":[{"href":"https:\/\/libreriahistoriasdebolsillo.com\/index.php\/wp-json\/wp\/v2\/product"}],"about":[{"href":"https:\/\/libreriahistoriasdebolsillo.com\/index.php\/wp-json\/wp\/v2\/types\/product"}],"wp:featuredmedia":[{"embeddable":true,"href":"https:\/\/libreriahistoriasdebolsillo.com\/index.php\/wp-json\/wp\/v2\/media\/6039"}],"wp:attachment":[{"href":"https:\/\/libreriahistoriasdebolsillo.com\/index.php\/wp-json\/wp\/v2\/media?parent=6038"}],"wp:term":[{"taxonomy":"product_brand","embeddable":true,"href":"https:\/\/libreriahistoriasdebolsillo.com\/index.php\/wp-json\/wp\/v2\/product_brand?post=6038"},{"taxonomy":"product_cat","embeddable":true,"href":"https:\/\/libreriahistoriasdebolsillo.com\/index.php\/wp-json\/wp\/v2\/product_cat?post=6038"},{"taxonomy":"product_tag","embeddable":true,"href":"https:\/\/libreriahistoriasdebolsillo.com\/index.php\/wp-json\/wp\/v2\/product_tag?post=6038"}],"curies":[{"name":"wp","href":"https:\/\/api.w.org\/{rel}","templated":true}]}}