{"id":6040,"date":"2024-12-20T14:22:40","date_gmt":"2024-12-20T20:22:40","guid":{"rendered":"https:\/\/libreriahistoriasdebolsillo.com\/?post_type=product&#038;p=6040"},"modified":"2025-08-26T17:25:13","modified_gmt":"2025-08-26T23:25:13","slug":"una-maldicion-de-amor","status":"publish","type":"product","link":"https:\/\/libreriahistoriasdebolsillo.com\/index.php\/producto\/una-maldicion-de-amor\/","title":{"rendered":"Una maldici\u00f3n de amor"},"content":{"rendered":"<p>Es dif\u00edcil enamorarse cuando sabes que tu pareja tendr\u00e1 una racha de mala suerte, en el instante en que comience a sentir algo por ti. Como bruja experta de la cocina, Dina Whitlock domina cualquier receta de reposter\u00eda. De hecho, dirige su propia cafeter\u00eda en Londres y sirve pasteles m\u00e1gicos a todos sus clientes. Pero solo unos pocos amigos conocen sus extraordinarias habilidades y el maleficio que atormenta su vida amorosa. Tras irse de viaje por el mundo para recuperarse de una brutal ruptura, Scott Mason ha regresado a Londres y la boda de su mejor amigo est\u00e1 a la vuelta de la esquina. Aunque quiere ser el padrino m\u00e1s incre\u00edble de todos los tiempos, no se imagina que ser\u00e1 \u00abhechizado\u00bb por la dama de honor, quien adem\u00e1s es la due\u00f1a de su nuevo caf\u00e9 favorito y, adem\u00e1s&#8230;\u00a1\u00bfuna bruja?! Despu\u00e9s de un fin de semana en el campo, entre fabulosos laberintos de setos, lecturas de manos a la luz de las velas y un ritual de Halloween a medianoche, es evidente que existe qu\u00edmica entre ellos. Solo hay un problema: el maleficio contin\u00faa y Dina sabe que \u00e9l est\u00e1 en peligro. En el pasado, ella siempre hu\u00eda antes de que algo malo pasara, pero esta vez es diferente. Scott podr\u00eda ser el indicado. \u00bfPodr\u00e1 protegerlo del hechizo y lograr que el encanto de su amor perdure?<\/p>\n","protected":false},"excerpt":{"rendered":"<p>Nadia El-Fassi<\/p>\n<p>304 p\u00e1ginas<\/p>\n","protected":false},"featured_media":6041,"template":"","meta":{"_joinchat":[]},"product_brand":[],"product_cat":[70,35],"product_tag":[48],"class_list":{"0":"post-6040","1":"product","2":"type-product","3":"status-publish","4":"has-post-thumbnail","6":"product_cat-novedades","7":"product_cat-romantica","8":"product_tag-vr-editoras","10":"first","11":"instock","12":"shipping-taxable","13":"purchasable","14":"product-type-simple"},"_links":{"self":[{"href":"https:\/\/libreriahistoriasdebolsillo.com\/index.php\/wp-json\/wp\/v2\/product\/6040","targetHints":{"allow":["GET"]}}],"collection":[{"href":"https:\/\/libreriahistoriasdebolsillo.com\/index.php\/wp-json\/wp\/v2\/product"}],"about":[{"href":"https:\/\/libreriahistoriasdebolsillo.com\/index.php\/wp-json\/wp\/v2\/types\/product"}],"wp:featuredmedia":[{"embeddable":true,"href":"https:\/\/libreriahistoriasdebolsillo.com\/index.php\/wp-json\/wp\/v2\/media\/6041"}],"wp:attachment":[{"href":"https:\/\/libreriahistoriasdebolsillo.com\/index.php\/wp-json\/wp\/v2\/media?parent=6040"}],"wp:term":[{"taxonomy":"product_brand","embeddable":true,"href":"https:\/\/libreriahistoriasdebolsillo.com\/index.php\/wp-json\/wp\/v2\/product_brand?post=6040"},{"taxonomy":"product_cat","embeddable":true,"href":"https:\/\/libreriahistoriasdebolsillo.com\/index.php\/wp-json\/wp\/v2\/product_cat?post=6040"},{"taxonomy":"product_tag","embeddable":true,"href":"https:\/\/libreriahistoriasdebolsillo.com\/index.php\/wp-json\/wp\/v2\/product_tag?post=6040"}],"curies":[{"name":"wp","href":"https:\/\/api.w.org\/{rel}","templated":true}]}}