{"id":6044,"date":"2024-12-20T14:27:07","date_gmt":"2024-12-20T20:27:07","guid":{"rendered":"https:\/\/libreriahistoriasdebolsillo.com\/?post_type=product&#038;p=6044"},"modified":"2025-06-28T15:33:59","modified_gmt":"2025-06-28T21:33:59","slug":"sin-miedo-y-con-huevos","status":"publish","type":"product","link":"https:\/\/libreriahistoriasdebolsillo.com\/index.php\/producto\/sin-miedo-y-con-huevos\/","title":{"rendered":"Sin miedo y con huevos"},"content":{"rendered":"<p>En la vida no basta ignorar nuestros miedos y esperar a que desaparezcan, es necesario identificarlos y aprender a enfrentarlos con huevos. Toma el control de tus acciones y no dejes que tus miedos te dominen. Es momento de recuperar tu poder y vivir una vida plena y satisfactoria. Descubre c\u00f3mo superar los obst\u00e1culos dentro de ti para desbloquear nuevos caminos en tu vida que te ayudar\u00e1n a ser m\u00e1s feliz y lograr todo lo que te propones. \u00a1Convi\u00e9rtete en tu versi\u00f3n m\u00e1s valiente, atr\u00e9vete a vivir sin miedo y cumple todos tus sue\u00f1os!<\/p>\n","protected":false},"excerpt":{"rendered":"<p>M\u00f3nica Borda<\/p>\n<p>216 p\u00e1ginas<\/p>\n","protected":false},"featured_media":6045,"template":"","meta":{"_joinchat":[]},"product_brand":[],"product_cat":[58,41,70],"product_tag":[48],"class_list":{"0":"post-6044","1":"product","2":"type-product","3":"status-publish","4":"has-post-thumbnail","6":"product_cat-desarrollo-humano-y-superacion","7":"product_cat-desarrollo-humano","8":"product_cat-novedades","9":"product_tag-vr-editoras","11":"first","12":"outofstock","13":"shipping-taxable","14":"purchasable","15":"product-type-simple"},"_links":{"self":[{"href":"https:\/\/libreriahistoriasdebolsillo.com\/index.php\/wp-json\/wp\/v2\/product\/6044","targetHints":{"allow":["GET"]}}],"collection":[{"href":"https:\/\/libreriahistoriasdebolsillo.com\/index.php\/wp-json\/wp\/v2\/product"}],"about":[{"href":"https:\/\/libreriahistoriasdebolsillo.com\/index.php\/wp-json\/wp\/v2\/types\/product"}],"wp:featuredmedia":[{"embeddable":true,"href":"https:\/\/libreriahistoriasdebolsillo.com\/index.php\/wp-json\/wp\/v2\/media\/6045"}],"wp:attachment":[{"href":"https:\/\/libreriahistoriasdebolsillo.com\/index.php\/wp-json\/wp\/v2\/media?parent=6044"}],"wp:term":[{"taxonomy":"product_brand","embeddable":true,"href":"https:\/\/libreriahistoriasdebolsillo.com\/index.php\/wp-json\/wp\/v2\/product_brand?post=6044"},{"taxonomy":"product_cat","embeddable":true,"href":"https:\/\/libreriahistoriasdebolsillo.com\/index.php\/wp-json\/wp\/v2\/product_cat?post=6044"},{"taxonomy":"product_tag","embeddable":true,"href":"https:\/\/libreriahistoriasdebolsillo.com\/index.php\/wp-json\/wp\/v2\/product_tag?post=6044"}],"curies":[{"name":"wp","href":"https:\/\/api.w.org\/{rel}","templated":true}]}}