{"id":6046,"date":"2024-12-20T14:30:32","date_gmt":"2024-12-20T20:30:32","guid":{"rendered":"https:\/\/libreriahistoriasdebolsillo.com\/?post_type=product&#038;p=6046"},"modified":"2025-06-28T12:10:12","modified_gmt":"2025-06-28T18:10:12","slug":"las-21-claves-para-la-reprogramacion","status":"publish","type":"product","link":"https:\/\/libreriahistoriasdebolsillo.com\/index.php\/producto\/las-21-claves-para-la-reprogramacion\/","title":{"rendered":"Las 21 claves para la reprogramaci\u00f3n"},"content":{"rendered":"<p>Este libro es una gu\u00eda para aprender a desprenderse de creencias negativas o limitantes, deconstruir las tendencias a la dependencia emocional y al autosabotaje, y reprogramar el ser hacia la soberan\u00eda plena. A trav\u00e9s de 21 claves, el lector trabajar\u00e1 con su interior para identificar los factores que causan sus enfermedades f\u00edsicas o emocionales, no para desenterrar el pasado y revivir los acontecimientos, sino para romper el v\u00ednculo con la causa y lograr al fin seguir adelante.<\/p>\n","protected":false},"excerpt":{"rendered":"<p>Sandrine Muller<\/p>\n<p>360 p\u00e1ginas<\/p>\n","protected":false},"featured_media":6047,"template":"","meta":{"_joinchat":[]},"product_brand":[],"product_cat":[58,41,70],"product_tag":[48],"class_list":{"0":"post-6046","1":"product","2":"type-product","3":"status-publish","4":"has-post-thumbnail","6":"product_cat-desarrollo-humano-y-superacion","7":"product_cat-desarrollo-humano","8":"product_cat-novedades","9":"product_tag-vr-editoras","11":"first","12":"outofstock","13":"shipping-taxable","14":"purchasable","15":"product-type-simple"},"_links":{"self":[{"href":"https:\/\/libreriahistoriasdebolsillo.com\/index.php\/wp-json\/wp\/v2\/product\/6046","targetHints":{"allow":["GET"]}}],"collection":[{"href":"https:\/\/libreriahistoriasdebolsillo.com\/index.php\/wp-json\/wp\/v2\/product"}],"about":[{"href":"https:\/\/libreriahistoriasdebolsillo.com\/index.php\/wp-json\/wp\/v2\/types\/product"}],"wp:featuredmedia":[{"embeddable":true,"href":"https:\/\/libreriahistoriasdebolsillo.com\/index.php\/wp-json\/wp\/v2\/media\/6047"}],"wp:attachment":[{"href":"https:\/\/libreriahistoriasdebolsillo.com\/index.php\/wp-json\/wp\/v2\/media?parent=6046"}],"wp:term":[{"taxonomy":"product_brand","embeddable":true,"href":"https:\/\/libreriahistoriasdebolsillo.com\/index.php\/wp-json\/wp\/v2\/product_brand?post=6046"},{"taxonomy":"product_cat","embeddable":true,"href":"https:\/\/libreriahistoriasdebolsillo.com\/index.php\/wp-json\/wp\/v2\/product_cat?post=6046"},{"taxonomy":"product_tag","embeddable":true,"href":"https:\/\/libreriahistoriasdebolsillo.com\/index.php\/wp-json\/wp\/v2\/product_tag?post=6046"}],"curies":[{"name":"wp","href":"https:\/\/api.w.org\/{rel}","templated":true}]}}