{"id":6050,"date":"2024-12-20T14:38:23","date_gmt":"2024-12-20T20:38:23","guid":{"rendered":"https:\/\/libreriahistoriasdebolsillo.com\/?post_type=product&#038;p=6050"},"modified":"2025-06-27T15:43:45","modified_gmt":"2025-06-27T21:43:45","slug":"litte-people-big-dreams-albert-einstein","status":"publish","type":"product","link":"https:\/\/libreriahistoriasdebolsillo.com\/index.php\/producto\/litte-people-big-dreams-albert-einstein\/","title":{"rendered":"Little people, big dreams. Albert Einstein"},"content":{"rendered":"<p>El peque\u00f1o Albert Einstein era un ni\u00f1o de pocas palabras, pero muchas ideas. Al principio no encajaba del todo en la escuela, pero no tard\u00f3 en enamorarse de la F\u00edsica y las Matem\u00e1ticas, y escribi\u00f3 su primer ensayo cient\u00edfico cuando aun era un adolescente. Albert dedic\u00f3 su vida a explicar la relaci\u00f3n entre el espacio y el tiempo, estableciendo las bases para la mayor\u00eda de los inventos del siglo XXI.<\/p>\n<p>Como Albert, todas la personas extraordinarias empezaron con un sue\u00f1o. Descubre la historia de sus vidas a trav\u00e9s de lindas ilustraciones en esta maravillosa colecci\u00f3n que incluye una secci\u00f3n de datos y fotos al final del libro.<\/p>\n","protected":false},"excerpt":{"rendered":"<p>El peque\u00f1o Albert Einstein era un ni\u00f1o de pocas palabras, pero muchas ideas. Al principio no encajaba del todo en la escuela, pero no tard\u00f3 en enamorarse de la F\u00edsica y las Matem\u00e1ticas, y escribi\u00f3 su primer ensayo cient\u00edfico cuando aun era un adolescente. Albert dedic\u00f3 su vida a explicar la relaci\u00f3n entre el espacio [&hellip;]<\/p>\n","protected":false},"featured_media":6051,"template":"","meta":{"_joinchat":[]},"product_brand":[],"product_cat":[41,70],"product_tag":[48],"class_list":{"0":"post-6050","1":"product","2":"type-product","3":"status-publish","4":"has-post-thumbnail","6":"product_cat-desarrollo-humano","7":"product_cat-novedades","8":"product_tag-vr-editoras","10":"first","11":"outofstock","12":"shipping-taxable","13":"purchasable","14":"product-type-simple"},"_links":{"self":[{"href":"https:\/\/libreriahistoriasdebolsillo.com\/index.php\/wp-json\/wp\/v2\/product\/6050","targetHints":{"allow":["GET"]}}],"collection":[{"href":"https:\/\/libreriahistoriasdebolsillo.com\/index.php\/wp-json\/wp\/v2\/product"}],"about":[{"href":"https:\/\/libreriahistoriasdebolsillo.com\/index.php\/wp-json\/wp\/v2\/types\/product"}],"wp:featuredmedia":[{"embeddable":true,"href":"https:\/\/libreriahistoriasdebolsillo.com\/index.php\/wp-json\/wp\/v2\/media\/6051"}],"wp:attachment":[{"href":"https:\/\/libreriahistoriasdebolsillo.com\/index.php\/wp-json\/wp\/v2\/media?parent=6050"}],"wp:term":[{"taxonomy":"product_brand","embeddable":true,"href":"https:\/\/libreriahistoriasdebolsillo.com\/index.php\/wp-json\/wp\/v2\/product_brand?post=6050"},{"taxonomy":"product_cat","embeddable":true,"href":"https:\/\/libreriahistoriasdebolsillo.com\/index.php\/wp-json\/wp\/v2\/product_cat?post=6050"},{"taxonomy":"product_tag","embeddable":true,"href":"https:\/\/libreriahistoriasdebolsillo.com\/index.php\/wp-json\/wp\/v2\/product_tag?post=6050"}],"curies":[{"name":"wp","href":"https:\/\/api.w.org\/{rel}","templated":true}]}}