{"id":6052,"date":"2024-12-20T14:44:08","date_gmt":"2024-12-20T20:44:08","guid":{"rendered":"https:\/\/libreriahistoriasdebolsillo.com\/?post_type=product&#038;p=6052"},"modified":"2025-06-28T15:45:17","modified_gmt":"2025-06-28T21:45:17","slug":"little-people-big-dreams-taylor-swift","status":"publish","type":"product","link":"https:\/\/libreriahistoriasdebolsillo.com\/index.php\/producto\/little-people-big-dreams-taylor-swift\/","title":{"rendered":"Little people, big dreams. Taylor Swift"},"content":{"rendered":"<p>Taylor se enamoro de la m\u00fasica country cuando era ni\u00f1a y so\u00f1aba con convertirse en una artista, as\u00ed que comenz\u00f3 a escribir sus propias canciones. Despu\u00e9s de a\u00f1os de estar en el escenario, firm\u00f3 con un sello discogr\u00e1fico. Sus honestas letras encantaron al p\u00fablico y no tard\u00f3 mucho en tener fans alrededor del mundo. Ser famosa no siempre fue f\u00e1cil, pero Taylor logr\u00f3 alcanzar sus sue\u00f1os confiando en s\u00ed misma.<\/p>\n<p>Como Taylor, todas las personas extraordinarias empezaron con un sue\u00f1o. Descubre la historia de sus vidas a trav\u00e9s de lindas ilustraciones en esta maravillosa colecci\u00f3n que incluye una secci\u00f3n de datos y fotos al final del libro.<\/p>\n","protected":false},"excerpt":{"rendered":"<p>Taylor se enamoro de la m\u00fasica country cuando era ni\u00f1a y so\u00f1aba con convertirse en una artista, as\u00ed que comenz\u00f3 a escribir sus propias canciones. Despu\u00e9s de a\u00f1os de estar en el escenario, firm\u00f3 con un sello discogr\u00e1fico. Sus honestas letras encantaron al p\u00fablico y no tard\u00f3 mucho en tener fans alrededor del mundo. Ser [&hellip;]<\/p>\n","protected":false},"featured_media":6053,"template":"","meta":{"_joinchat":[]},"product_brand":[],"product_cat":[41,70],"product_tag":[48],"class_list":{"0":"post-6052","1":"product","2":"type-product","3":"status-publish","4":"has-post-thumbnail","6":"product_cat-desarrollo-humano","7":"product_cat-novedades","8":"product_tag-vr-editoras","10":"first","11":"outofstock","12":"shipping-taxable","13":"purchasable","14":"product-type-simple"},"_links":{"self":[{"href":"https:\/\/libreriahistoriasdebolsillo.com\/index.php\/wp-json\/wp\/v2\/product\/6052","targetHints":{"allow":["GET"]}}],"collection":[{"href":"https:\/\/libreriahistoriasdebolsillo.com\/index.php\/wp-json\/wp\/v2\/product"}],"about":[{"href":"https:\/\/libreriahistoriasdebolsillo.com\/index.php\/wp-json\/wp\/v2\/types\/product"}],"wp:featuredmedia":[{"embeddable":true,"href":"https:\/\/libreriahistoriasdebolsillo.com\/index.php\/wp-json\/wp\/v2\/media\/6053"}],"wp:attachment":[{"href":"https:\/\/libreriahistoriasdebolsillo.com\/index.php\/wp-json\/wp\/v2\/media?parent=6052"}],"wp:term":[{"taxonomy":"product_brand","embeddable":true,"href":"https:\/\/libreriahistoriasdebolsillo.com\/index.php\/wp-json\/wp\/v2\/product_brand?post=6052"},{"taxonomy":"product_cat","embeddable":true,"href":"https:\/\/libreriahistoriasdebolsillo.com\/index.php\/wp-json\/wp\/v2\/product_cat?post=6052"},{"taxonomy":"product_tag","embeddable":true,"href":"https:\/\/libreriahistoriasdebolsillo.com\/index.php\/wp-json\/wp\/v2\/product_tag?post=6052"}],"curies":[{"name":"wp","href":"https:\/\/api.w.org\/{rel}","templated":true}]}}