{"id":6054,"date":"2024-12-20T14:48:57","date_gmt":"2024-12-20T20:48:57","guid":{"rendered":"https:\/\/libreriahistoriasdebolsillo.com\/?post_type=product&#038;p=6054"},"modified":"2025-06-28T16:01:08","modified_gmt":"2025-06-28T22:01:08","slug":"little-people-big-dreams-vincent-van-gogh","status":"publish","type":"product","link":"https:\/\/libreriahistoriasdebolsillo.com\/index.php\/producto\/little-people-big-dreams-vincent-van-gogh\/","title":{"rendered":"Little people, big dreams. Vincent Van Gogh"},"content":{"rendered":"<p>El peque\u00f1o Vincent amaba pasar tiempo en la naturaleza con su familia. Ya como adulto, tuvo muchos empleos antes de convertirse en artista. Se inspiraba en el mundo a su alrededor, como el cielo, los \u00e1rboles y la ciudad. Logr\u00f3 desarrollar su propio estilo despu\u00e9s de mucho trabajo. La vida a veces era un poco complicada para Vincent, pero a trav\u00e9s de la pintura encontr\u00f3 la felicidad y una manera de expresarse.<\/p>\n<p>Como Vincent, todas las personas extraordinarias empezaron con un sue\u00f1o. Descubre la historia de sus vidas a trav\u00e9s de lindas ilustraciones en esta maravillosa colecci\u00f3n que incluye una secci\u00f3n datos y fotos al final del libro.<\/p>\n","protected":false},"excerpt":{"rendered":"<p>El peque\u00f1o Vincent amaba pasar tiempo en la naturaleza con su familia. Ya como adulto, tuvo muchos empleos antes de convertirse en artista. Se inspiraba en el mundo a su alrededor, como el cielo, los \u00e1rboles y la ciudad. Logr\u00f3 desarrollar su propio estilo despu\u00e9s de mucho trabajo. La vida a veces era un poco [&hellip;]<\/p>\n","protected":false},"featured_media":6055,"template":"","meta":{"_joinchat":[]},"product_brand":[],"product_cat":[41,70],"product_tag":[48],"class_list":{"0":"post-6054","1":"product","2":"type-product","3":"status-publish","4":"has-post-thumbnail","6":"product_cat-desarrollo-humano","7":"product_cat-novedades","8":"product_tag-vr-editoras","10":"first","11":"outofstock","12":"shipping-taxable","13":"purchasable","14":"product-type-simple"},"_links":{"self":[{"href":"https:\/\/libreriahistoriasdebolsillo.com\/index.php\/wp-json\/wp\/v2\/product\/6054","targetHints":{"allow":["GET"]}}],"collection":[{"href":"https:\/\/libreriahistoriasdebolsillo.com\/index.php\/wp-json\/wp\/v2\/product"}],"about":[{"href":"https:\/\/libreriahistoriasdebolsillo.com\/index.php\/wp-json\/wp\/v2\/types\/product"}],"wp:featuredmedia":[{"embeddable":true,"href":"https:\/\/libreriahistoriasdebolsillo.com\/index.php\/wp-json\/wp\/v2\/media\/6055"}],"wp:attachment":[{"href":"https:\/\/libreriahistoriasdebolsillo.com\/index.php\/wp-json\/wp\/v2\/media?parent=6054"}],"wp:term":[{"taxonomy":"product_brand","embeddable":true,"href":"https:\/\/libreriahistoriasdebolsillo.com\/index.php\/wp-json\/wp\/v2\/product_brand?post=6054"},{"taxonomy":"product_cat","embeddable":true,"href":"https:\/\/libreriahistoriasdebolsillo.com\/index.php\/wp-json\/wp\/v2\/product_cat?post=6054"},{"taxonomy":"product_tag","embeddable":true,"href":"https:\/\/libreriahistoriasdebolsillo.com\/index.php\/wp-json\/wp\/v2\/product_tag?post=6054"}],"curies":[{"name":"wp","href":"https:\/\/api.w.org\/{rel}","templated":true}]}}