{"id":6067,"date":"2025-01-09T16:14:57","date_gmt":"2025-01-09T22:14:57","guid":{"rendered":"https:\/\/libreriahistoriasdebolsillo.com\/?post_type=product&#038;p=6067"},"modified":"2026-02-12T15:22:21","modified_gmt":"2026-02-12T21:22:21","slug":"marcus-goldman-2-el-libro-de-los-baltimore","status":"publish","type":"product","link":"https:\/\/libreriahistoriasdebolsillo.com\/index.php\/producto\/marcus-goldman-2-el-libro-de-los-baltimore\/","title":{"rendered":"Marcus Goldman 2. El libro de los Baltimore"},"content":{"rendered":"<p><b>Tras impactar a 3,000,000 de lectores con\u00a0<i>La verdad sobre el caso Harry Quebert<\/i>, Jo\u00ebl Dicker vuelve con Marcus Goldman en su nueva novela, quien en esta ocasi\u00f3n pone el pasado de los Goldman de Baltimore bajo la lupa, en busca de la verdad sobre el ocaso de esta rama de su familia.<\/b><\/p>\n<p>Cuando su primo Woody est\u00e1 a punto de ingresar en prisi\u00f3n, el escritor\u00a0<b>Marcus Goldman<\/b>, protagonista de\u00a0<i>La verdad sobre el caso Harry Quebert<\/i>, se dirige a Baltimore para pasar con \u00e9l ese \u00faltimo d\u00eda de libertad. Ya de regreso, recibe una llamada desesperada de su t\u00edo Saul: algo muy grave acaba de suceder.<\/p>\n<p>Marcus emprender\u00e1 entonces un largo camino para desvelar los\u00a0<b>secretos de la historia familiar<\/b>. La fascinaci\u00f3n que sinti\u00f3 desde ni\u00f1o por los Goldman-de-Baltimore, que encarnaban el sue\u00f1o americano, con sus mansiones suntuosas, sus \u00e9xitos profesionales y deportivos y sus vacaciones de glamur; la amistad fraternal que le uni\u00f3 a sus primos en un tr\u00edo inseparable -la \u00abBanda de los Goldman\u00bb-, y la rivalidad por conquistar a Alexandra, son puestas bajo la lupa. Mientras el Drama se va perfilando,<\/p>\n<p>Marcus se acerca a la verdad que cambi\u00f3 todo para siempre.<\/p>\n<p><b>La cr\u00edtica ha opinado:<\/b><\/p>\n<p>\u00abTras\u00a0<i>La verdad sobre el caso Harry Quebert, El Libro de los Baltimore<\/i>\u00a0coloca a Jo\u00ebl Dicker como uno de los grandes escritores de principios del siglo XXI\u00bb -Philippe Vallet,<i>\u00a0France Info<\/i>&#8211;<\/p>\n<p>\u00abUna voz napole\u00f3nica, que no escribe, boxea\u00bb -Laura Fern\u00e1ndez,\u00a0<i>El Cultural<\/i>\u00a0de\u00a0<i>El Mundo<\/i>&#8211;<\/p>\n","protected":false},"excerpt":{"rendered":"<p>Joel Dicker<\/p>\n<p>480 p\u00e1ginas<\/p>\n","protected":false},"featured_media":6068,"template":"","meta":{"_joinchat":[]},"product_brand":[],"product_cat":[37],"product_tag":[34],"class_list":{"0":"post-6067","1":"product","2":"type-product","3":"status-publish","4":"has-post-thumbnail","6":"product_cat-misterio-y-thriller","7":"product_tag-penguin-random-house","9":"first","10":"instock","11":"shipping-taxable","12":"purchasable","13":"product-type-simple"},"_links":{"self":[{"href":"https:\/\/libreriahistoriasdebolsillo.com\/index.php\/wp-json\/wp\/v2\/product\/6067","targetHints":{"allow":["GET"]}}],"collection":[{"href":"https:\/\/libreriahistoriasdebolsillo.com\/index.php\/wp-json\/wp\/v2\/product"}],"about":[{"href":"https:\/\/libreriahistoriasdebolsillo.com\/index.php\/wp-json\/wp\/v2\/types\/product"}],"wp:featuredmedia":[{"embeddable":true,"href":"https:\/\/libreriahistoriasdebolsillo.com\/index.php\/wp-json\/wp\/v2\/media\/6068"}],"wp:attachment":[{"href":"https:\/\/libreriahistoriasdebolsillo.com\/index.php\/wp-json\/wp\/v2\/media?parent=6067"}],"wp:term":[{"taxonomy":"product_brand","embeddable":true,"href":"https:\/\/libreriahistoriasdebolsillo.com\/index.php\/wp-json\/wp\/v2\/product_brand?post=6067"},{"taxonomy":"product_cat","embeddable":true,"href":"https:\/\/libreriahistoriasdebolsillo.com\/index.php\/wp-json\/wp\/v2\/product_cat?post=6067"},{"taxonomy":"product_tag","embeddable":true,"href":"https:\/\/libreriahistoriasdebolsillo.com\/index.php\/wp-json\/wp\/v2\/product_tag?post=6067"}],"curies":[{"name":"wp","href":"https:\/\/api.w.org\/{rel}","templated":true}]}}