{"id":6071,"date":"2025-01-09T16:18:44","date_gmt":"2025-01-09T22:18:44","guid":{"rendered":"https:\/\/libreriahistoriasdebolsillo.com\/?post_type=product&#038;p=6071"},"modified":"2025-08-11T10:07:54","modified_gmt":"2025-08-11T16:07:54","slug":"paradais-2","status":"publish","type":"product","link":"https:\/\/libreriahistoriasdebolsillo.com\/index.php\/producto\/paradais-2\/","title":{"rendered":"P\u00e1radais"},"content":{"rendered":"<p>En un conjunto residencial de lujo, dos\u00a0<b>adolescentes\u00a0<\/b>inadaptados se re\u00fanen por las noches para embriagarse a escondidas y compartir sus descabelladas fantas\u00edas. Franco Andrade, obeso y solitario, adicto a la pornograf\u00eda, sue\u00f1a con seducir a la vecina de al lado -una atractiva mujer casada, madre de familia-, por quien ha desarrollado una obsesi\u00f3n malsana; mientras que Polo, su reacio compa\u00f1ero, fantasea con renunciar a su agobiante empleo como jardinero del exclusivo fraccionamiento y huir de su casa, de su pueblo infestado de\u00a0<b>narcos<\/b>, y del yugo de su dominante madre. Ante la imposibilidad de conseguir lo que cada uno cree merecer, Franco y Polo maquinar\u00e1n un plan tan pueril como macabro.<\/p>\n<p><i>P\u00e1radais<\/i>, escrita por Fernanda Melchor, una de las\u00a0<b>escritoras mexicanas m\u00e1s destacadas de la actualidad<\/b>, explora la facilidad con la que el deseo puede convertirse en obsesi\u00f3n y, m\u00e1s a\u00fan, en\u00a0<b>violencia<\/b>, al tiempo que narra la alianza entre los polos opuestos de la sociedad mexicana contempor\u00e1nea.<\/p>\n","protected":false},"excerpt":{"rendered":"<p>Fernanda Melchor<\/p>\n<p>200 p\u00e1ginas<\/p>\n","protected":false},"featured_media":6072,"template":"","meta":{"_joinchat":[]},"product_brand":[],"product_cat":[78,33],"product_tag":[34],"class_list":{"0":"post-6071","1":"product","2":"type-product","3":"status-publish","4":"has-post-thumbnail","6":"product_cat-contemporanea","7":"product_cat-ficcion-general","8":"product_tag-penguin-random-house","10":"first","11":"outofstock","12":"shipping-taxable","13":"purchasable","14":"product-type-simple"},"_links":{"self":[{"href":"https:\/\/libreriahistoriasdebolsillo.com\/index.php\/wp-json\/wp\/v2\/product\/6071","targetHints":{"allow":["GET"]}}],"collection":[{"href":"https:\/\/libreriahistoriasdebolsillo.com\/index.php\/wp-json\/wp\/v2\/product"}],"about":[{"href":"https:\/\/libreriahistoriasdebolsillo.com\/index.php\/wp-json\/wp\/v2\/types\/product"}],"wp:featuredmedia":[{"embeddable":true,"href":"https:\/\/libreriahistoriasdebolsillo.com\/index.php\/wp-json\/wp\/v2\/media\/6072"}],"wp:attachment":[{"href":"https:\/\/libreriahistoriasdebolsillo.com\/index.php\/wp-json\/wp\/v2\/media?parent=6071"}],"wp:term":[{"taxonomy":"product_brand","embeddable":true,"href":"https:\/\/libreriahistoriasdebolsillo.com\/index.php\/wp-json\/wp\/v2\/product_brand?post=6071"},{"taxonomy":"product_cat","embeddable":true,"href":"https:\/\/libreriahistoriasdebolsillo.com\/index.php\/wp-json\/wp\/v2\/product_cat?post=6071"},{"taxonomy":"product_tag","embeddable":true,"href":"https:\/\/libreriahistoriasdebolsillo.com\/index.php\/wp-json\/wp\/v2\/product_tag?post=6071"}],"curies":[{"name":"wp","href":"https:\/\/api.w.org\/{rel}","templated":true}]}}