{"id":6080,"date":"2025-01-15T18:37:15","date_gmt":"2025-01-16T00:37:15","guid":{"rendered":"https:\/\/libreriahistoriasdebolsillo.com\/?post_type=product&#038;p=6080"},"modified":"2025-11-27T19:01:25","modified_gmt":"2025-11-28T01:01:25","slug":"etereo-tapa-dura","status":"publish","type":"product","link":"https:\/\/libreriahistoriasdebolsillo.com\/index.php\/producto\/etereo-tapa-dura\/","title":{"rendered":"Bilog\u00eda Extra\u00f1os 1. Et\u00e9reo (Tapa dura)"},"content":{"rendered":"<p>Caleb no es un chico corriente. Ha tenido una vida complicada, quiz\u00e1 por las habilidades especiales que lo convierten, a sus ojos, en un monstruo. El destino lo ha llevado a trabajar para gente de moral dudosa, a hacer cosas que le han manchado las manos y el alma.<\/p>\n<p>Entonces, una de sus misiones se complica y se le asigna vigilar a Victoria, una humana tan normal como cualquier otra, con un trabajo rutinario, un apartamento peque\u00f1o y un gato extra\u00f1o.<\/p>\n<p>Deber\u00eda ser el trabajo m\u00e1s f\u00e1cil del mundo, pero termina teniendo que elegir entre el mundo que conoce y la \u00fanica persona que alguna vez le ha importado.<\/p>\n<p><b>Y t\u00fa, \u00bfser\u00edas capaz de enamorarte de alguien que desconoce el significado del amor?<\/b><\/p>\n","protected":false},"excerpt":{"rendered":"<p>Joana Marcus<\/p>\n<p>544 p\u00e1ginas<\/p>\n","protected":false},"featured_media":6081,"template":"","meta":{"_joinchat":[]},"product_brand":[],"product_cat":[70,35],"product_tag":[34],"class_list":{"0":"post-6080","1":"product","2":"type-product","3":"status-publish","4":"has-post-thumbnail","6":"product_cat-novedades","7":"product_cat-romantica","8":"product_tag-penguin-random-house","10":"first","11":"outofstock","12":"shipping-taxable","13":"purchasable","14":"product-type-simple"},"_links":{"self":[{"href":"https:\/\/libreriahistoriasdebolsillo.com\/index.php\/wp-json\/wp\/v2\/product\/6080","targetHints":{"allow":["GET"]}}],"collection":[{"href":"https:\/\/libreriahistoriasdebolsillo.com\/index.php\/wp-json\/wp\/v2\/product"}],"about":[{"href":"https:\/\/libreriahistoriasdebolsillo.com\/index.php\/wp-json\/wp\/v2\/types\/product"}],"wp:featuredmedia":[{"embeddable":true,"href":"https:\/\/libreriahistoriasdebolsillo.com\/index.php\/wp-json\/wp\/v2\/media\/6081"}],"wp:attachment":[{"href":"https:\/\/libreriahistoriasdebolsillo.com\/index.php\/wp-json\/wp\/v2\/media?parent=6080"}],"wp:term":[{"taxonomy":"product_brand","embeddable":true,"href":"https:\/\/libreriahistoriasdebolsillo.com\/index.php\/wp-json\/wp\/v2\/product_brand?post=6080"},{"taxonomy":"product_cat","embeddable":true,"href":"https:\/\/libreriahistoriasdebolsillo.com\/index.php\/wp-json\/wp\/v2\/product_cat?post=6080"},{"taxonomy":"product_tag","embeddable":true,"href":"https:\/\/libreriahistoriasdebolsillo.com\/index.php\/wp-json\/wp\/v2\/product_tag?post=6080"}],"curies":[{"name":"wp","href":"https:\/\/api.w.org\/{rel}","templated":true}]}}