{"id":6097,"date":"2025-01-15T18:56:30","date_gmt":"2025-01-16T00:56:30","guid":{"rendered":"https:\/\/libreriahistoriasdebolsillo.com\/?post_type=product&#038;p=6097"},"modified":"2026-04-16T10:19:40","modified_gmt":"2026-04-16T16:19:40","slug":"la-mujer-de-arriba","status":"publish","type":"product","link":"https:\/\/libreriahistoriasdebolsillo.com\/index.php\/producto\/la-mujer-de-arriba\/","title":{"rendered":"La mujer de arriba"},"content":{"rendered":"<p><b>De la autora superventas de\u00a0<\/b><i><b>La asistenta<\/b><\/i><b>, llega un nuevo y adictivo thriller lleno de giros imprevistos y ecos de\u00a0<\/b><i><b>Rebeca<\/b><\/i><b>.<\/b><\/p>\n<p>Victoria Barnett lo tiene todo. Una brillante carrera como enfermera. Un marido guapo y cari\u00f1oso. Un bonito hogar en las afueras y el sue\u00f1o de llenarlo de ni\u00f1os.<\/p>\n<p><b>La vida es perfecta&#8230;<\/b>\u00a0o eso parece.<\/p>\n<p>Hasta el d\u00eda en que se ve envuelta en un terrible accidente y\u00a0<b>todo se desmorona<\/b>.<\/p>\n<p>Ahora Victoria ya no puede caminar, alimentarse o vestirse por su cuenta. Ni siquiera puede hablar. Est\u00e1 atrapada en el piso m\u00e1s alto de su casa y necesita cuidados las veinticuatro horas del d\u00eda.<\/p>\n<p>Su marido contrata a Sylvia Robinson para ayudarle. Pero parece que Victoria no tiene tantas limitaciones como le han contado.\u00a0<b>Y est\u00e1 desesperada por contar una historia&#8230;<\/b>\u00a0si tan solo pudiera articular las palabras.<\/p>\n<p>Entonces, Sylvia encuentra el diario de Victoria escondido en un caj\u00f3n.<\/p>\n<p><b>Y lo que contiene es aterrador.<\/b><\/p>\n","protected":false},"excerpt":{"rendered":"<p>Freida McFadden<\/p>\n<p>352 p\u00e1ginas<\/p>\n","protected":false},"featured_media":6098,"template":"","meta":{"_joinchat":[]},"product_brand":[],"product_cat":[37,70],"product_tag":[34],"class_list":{"0":"post-6097","1":"product","2":"type-product","3":"status-publish","4":"has-post-thumbnail","6":"product_cat-misterio-y-thriller","7":"product_cat-novedades","8":"product_tag-penguin-random-house","10":"first","11":"instock","12":"shipping-taxable","13":"purchasable","14":"product-type-simple"},"_links":{"self":[{"href":"https:\/\/libreriahistoriasdebolsillo.com\/index.php\/wp-json\/wp\/v2\/product\/6097","targetHints":{"allow":["GET"]}}],"collection":[{"href":"https:\/\/libreriahistoriasdebolsillo.com\/index.php\/wp-json\/wp\/v2\/product"}],"about":[{"href":"https:\/\/libreriahistoriasdebolsillo.com\/index.php\/wp-json\/wp\/v2\/types\/product"}],"wp:featuredmedia":[{"embeddable":true,"href":"https:\/\/libreriahistoriasdebolsillo.com\/index.php\/wp-json\/wp\/v2\/media\/6098"}],"wp:attachment":[{"href":"https:\/\/libreriahistoriasdebolsillo.com\/index.php\/wp-json\/wp\/v2\/media?parent=6097"}],"wp:term":[{"taxonomy":"product_brand","embeddable":true,"href":"https:\/\/libreriahistoriasdebolsillo.com\/index.php\/wp-json\/wp\/v2\/product_brand?post=6097"},{"taxonomy":"product_cat","embeddable":true,"href":"https:\/\/libreriahistoriasdebolsillo.com\/index.php\/wp-json\/wp\/v2\/product_cat?post=6097"},{"taxonomy":"product_tag","embeddable":true,"href":"https:\/\/libreriahistoriasdebolsillo.com\/index.php\/wp-json\/wp\/v2\/product_tag?post=6097"}],"curies":[{"name":"wp","href":"https:\/\/api.w.org\/{rel}","templated":true}]}}