{"id":6101,"date":"2025-01-15T19:01:38","date_gmt":"2025-01-16T01:01:38","guid":{"rendered":"https:\/\/libreriahistoriasdebolsillo.com\/?post_type=product&#038;p=6101"},"modified":"2025-05-07T09:46:08","modified_gmt":"2025-05-07T15:46:08","slug":"cerca-de-ti-2-tan-lejos-de-nosotros","status":"publish","type":"product","link":"https:\/\/libreriahistoriasdebolsillo.com\/index.php\/producto\/cerca-de-ti-2-tan-lejos-de-nosotros\/","title":{"rendered":"Cerca de ti 2. Tan lejos de nosotros"},"content":{"rendered":"<p><b>Tras el inesperado desenlace de\u00a0<i>Tan cerca de ti<\/i>, vuelve el guardaespaldas favorito de las lectoras de rom\u00e1ntica.<\/b><\/p>\n<p><b>\u00bfPodr\u00e1n Eva y Kobo seguir alejados despu\u00e9s de haber estado tan cerca?<\/b><\/p>\n<p>Tras el inesperado final de su relaci\u00f3n, los protagonistas de\u00a0<i>Tan cerca de ti<\/i>\u00a0saben que para superar una ruptura existen dos reglas b\u00e1sicas que deben cumplir:<\/p>\n<p><b>NO MIRAR ATR\u00c1S&#8230;<\/b><\/p>\n<p>Los dos se esfuerzan por conseguirlo. De hecho, ha pasado casi un a\u00f1o desde la \u00faltima vez que se vieron. Eva intenta centrarse en su vida y en un ilusionante proyecto; Kobo, en cambio, se refugia en sus amigos, su familia y el trabajo. Sin embargo, a veces un coraz\u00f3n roto puede llevarte a cometer locuras.<\/p>\n<p><b>&#8230; Y CONTACTO CERO.<\/b><\/p>\n<p>Esta es la regla de otro y ambos lo tienen claro. Pero cuando el destino hace que sus caminos vuelvan a encontrarse, sucede lo inevitable: el fuego que se hab\u00edan empe\u00f1ado en apagar arde de nuevo y las leyes de la atracci\u00f3n se activan con consecuencias imprevistas y arrolladoras.<\/p>\n<p><b>Llega el desenlace de la historia que ha conquistado a miles de corazones. Regresa el guardaespaldas favorito de las lectoras de rom\u00e1ntica.<\/b><\/p>\n","protected":false},"excerpt":{"rendered":"<p>Antonio Hidalgo<\/p>\n<p>384 p\u00e1ginas<\/p>\n","protected":false},"featured_media":6102,"template":"","meta":{"_joinchat":[]},"product_brand":[],"product_cat":[70,35],"product_tag":[34],"class_list":{"0":"post-6101","1":"product","2":"type-product","3":"status-publish","4":"has-post-thumbnail","6":"product_cat-novedades","7":"product_cat-romantica","8":"product_tag-penguin-random-house","10":"first","11":"outofstock","12":"shipping-taxable","13":"purchasable","14":"product-type-simple"},"_links":{"self":[{"href":"https:\/\/libreriahistoriasdebolsillo.com\/index.php\/wp-json\/wp\/v2\/product\/6101","targetHints":{"allow":["GET"]}}],"collection":[{"href":"https:\/\/libreriahistoriasdebolsillo.com\/index.php\/wp-json\/wp\/v2\/product"}],"about":[{"href":"https:\/\/libreriahistoriasdebolsillo.com\/index.php\/wp-json\/wp\/v2\/types\/product"}],"wp:featuredmedia":[{"embeddable":true,"href":"https:\/\/libreriahistoriasdebolsillo.com\/index.php\/wp-json\/wp\/v2\/media\/6102"}],"wp:attachment":[{"href":"https:\/\/libreriahistoriasdebolsillo.com\/index.php\/wp-json\/wp\/v2\/media?parent=6101"}],"wp:term":[{"taxonomy":"product_brand","embeddable":true,"href":"https:\/\/libreriahistoriasdebolsillo.com\/index.php\/wp-json\/wp\/v2\/product_brand?post=6101"},{"taxonomy":"product_cat","embeddable":true,"href":"https:\/\/libreriahistoriasdebolsillo.com\/index.php\/wp-json\/wp\/v2\/product_cat?post=6101"},{"taxonomy":"product_tag","embeddable":true,"href":"https:\/\/libreriahistoriasdebolsillo.com\/index.php\/wp-json\/wp\/v2\/product_tag?post=6101"}],"curies":[{"name":"wp","href":"https:\/\/api.w.org\/{rel}","templated":true}]}}