{"id":6105,"date":"2025-01-15T19:08:15","date_gmt":"2025-01-16T01:08:15","guid":{"rendered":"https:\/\/libreriahistoriasdebolsillo.com\/?post_type=product&#038;p=6105"},"modified":"2025-10-24T13:44:12","modified_gmt":"2025-10-24T19:44:12","slug":"una-traicion-mistica","status":"publish","type":"product","link":"https:\/\/libreriahistoriasdebolsillo.com\/index.php\/producto\/una-traicion-mistica\/","title":{"rendered":"Una traici\u00f3n m\u00edstica"},"content":{"rendered":"<p>Alejandra Pizarnik es una de las escritoras en espa\u00f1ol m\u00e1s influyentes de la literatura de nuestro tiempo. Es la creadora de una escritura, en sus propias palabras, \u00abdensa y peligrosa\u00bb, pero tambi\u00e9n de una de las experiencias de lectura m\u00e1s revolucionarias que podamos encontrar. Una revoluci\u00f3n, nos cuenta Gabriela<\/p>\n<p>Borrelli Azara en su ep\u00edlogo, interna y profunda, cuyo movimiento conduce al enigma.<\/p>\n<p>Esta antolog\u00eda recoge los mejores textos en prosa de Pizarnik, quiz\u00e1 la parte m\u00e1s desconocida de una obra en la que los g\u00e9neros se transgreden constantemente. As\u00ed lo explica Luna Miguel en su pr\u00f3logo: \u00abEmpe\u00f1arse en decir que esto no es poes\u00eda, ya lo ver\u00e1n, ser\u00eda bastante discutible. [&#8230;] Sus peque\u00f1os cuentos alucinados son largos poemas. Su teatro es una escenificaci\u00f3n de su ritmo po\u00e9tico. Sus relatos largos o cr\u00f3nicas esconden todas las trampas y los trucos de su poes\u00eda\u00bb.<\/p>\n<p><i>Una traici\u00f3n m\u00edstica<\/i>\u00a0es, en definitiva, un viaje asombroso, l\u00fadico y a ratos delirante por el universo narrativo de Pizarnik, que nos regala las claves de su obra: la visi\u00f3n ir\u00f3nica y burlesca de la realidad y de s\u00ed misma, la reflexi\u00f3n sobre el lenguaje, la muerte, as\u00ed como los l\u00edmites entre la cordura y la locura.<\/p>\n<p><b>Edici\u00f3n y pr\u00f3logo de Luna Miguel<\/b><br \/>\n<b>Ep\u00edlogo de Gabriela Borrelli Azara<\/b><\/p>\n","protected":false},"excerpt":{"rendered":"<p>Alejandra Pizarnik<\/p>\n<p>256 p\u00e1ginas<\/p>\n","protected":false},"featured_media":6106,"template":"","meta":{"_joinchat":[]},"product_brand":[],"product_cat":[33,70],"product_tag":[34],"class_list":{"0":"post-6105","1":"product","2":"type-product","3":"status-publish","4":"has-post-thumbnail","6":"product_cat-ficcion-general","7":"product_cat-novedades","8":"product_tag-penguin-random-house","10":"first","11":"outofstock","12":"shipping-taxable","13":"purchasable","14":"product-type-simple"},"_links":{"self":[{"href":"https:\/\/libreriahistoriasdebolsillo.com\/index.php\/wp-json\/wp\/v2\/product\/6105","targetHints":{"allow":["GET"]}}],"collection":[{"href":"https:\/\/libreriahistoriasdebolsillo.com\/index.php\/wp-json\/wp\/v2\/product"}],"about":[{"href":"https:\/\/libreriahistoriasdebolsillo.com\/index.php\/wp-json\/wp\/v2\/types\/product"}],"wp:featuredmedia":[{"embeddable":true,"href":"https:\/\/libreriahistoriasdebolsillo.com\/index.php\/wp-json\/wp\/v2\/media\/6106"}],"wp:attachment":[{"href":"https:\/\/libreriahistoriasdebolsillo.com\/index.php\/wp-json\/wp\/v2\/media?parent=6105"}],"wp:term":[{"taxonomy":"product_brand","embeddable":true,"href":"https:\/\/libreriahistoriasdebolsillo.com\/index.php\/wp-json\/wp\/v2\/product_brand?post=6105"},{"taxonomy":"product_cat","embeddable":true,"href":"https:\/\/libreriahistoriasdebolsillo.com\/index.php\/wp-json\/wp\/v2\/product_cat?post=6105"},{"taxonomy":"product_tag","embeddable":true,"href":"https:\/\/libreriahistoriasdebolsillo.com\/index.php\/wp-json\/wp\/v2\/product_tag?post=6105"}],"curies":[{"name":"wp","href":"https:\/\/api.w.org\/{rel}","templated":true}]}}