{"id":6118,"date":"2025-01-29T15:52:19","date_gmt":"2025-01-29T21:52:19","guid":{"rendered":"https:\/\/libreriahistoriasdebolsillo.com\/?post_type=product&#038;p=6118"},"modified":"2026-03-16T17:17:10","modified_gmt":"2026-03-16T23:17:10","slug":"mis-100-palabras-para-descubrir-el-mundo","status":"publish","type":"product","link":"https:\/\/libreriahistoriasdebolsillo.com\/index.php\/producto\/mis-100-palabras-para-descubrir-el-mundo\/","title":{"rendered":"Mis 100 palabras para descubrir el mundo"},"content":{"rendered":"<p>Un adorable libro para que tu beb\u00e9 descubra f\u00e1cilmente sus primeras palabras. \u00a1Aprender\u00e1 a nombrar objetos, paisajes, animales y elementos del mundo que lo rodea! Enriquece su lenguaje a trav\u00e9s de pr\u00e1cticos escenarios y lindas ilustraciones.<\/p>\n","protected":false},"excerpt":{"rendered":"<p>Un adorable libro para que tu beb\u00e9 descubra f\u00e1cilmente sus primeras palabras. \u00a1Aprender\u00e1 a nombrar objetos, paisajes, animales y elementos del mundo que lo rodea! Enriquece su lenguaje a trav\u00e9s de pr\u00e1cticos escenarios y lindas ilustraciones.<\/p>\n","protected":false},"featured_media":6119,"template":"","meta":{"_joinchat":[]},"product_brand":[],"product_cat":[54,70],"product_tag":[48],"class_list":{"0":"post-6118","1":"product","2":"type-product","3":"status-publish","4":"has-post-thumbnail","6":"product_cat-infantil","7":"product_cat-novedades","8":"product_tag-vr-editoras","10":"first","11":"instock","12":"shipping-taxable","13":"purchasable","14":"product-type-simple"},"_links":{"self":[{"href":"https:\/\/libreriahistoriasdebolsillo.com\/index.php\/wp-json\/wp\/v2\/product\/6118","targetHints":{"allow":["GET"]}}],"collection":[{"href":"https:\/\/libreriahistoriasdebolsillo.com\/index.php\/wp-json\/wp\/v2\/product"}],"about":[{"href":"https:\/\/libreriahistoriasdebolsillo.com\/index.php\/wp-json\/wp\/v2\/types\/product"}],"wp:featuredmedia":[{"embeddable":true,"href":"https:\/\/libreriahistoriasdebolsillo.com\/index.php\/wp-json\/wp\/v2\/media\/6119"}],"wp:attachment":[{"href":"https:\/\/libreriahistoriasdebolsillo.com\/index.php\/wp-json\/wp\/v2\/media?parent=6118"}],"wp:term":[{"taxonomy":"product_brand","embeddable":true,"href":"https:\/\/libreriahistoriasdebolsillo.com\/index.php\/wp-json\/wp\/v2\/product_brand?post=6118"},{"taxonomy":"product_cat","embeddable":true,"href":"https:\/\/libreriahistoriasdebolsillo.com\/index.php\/wp-json\/wp\/v2\/product_cat?post=6118"},{"taxonomy":"product_tag","embeddable":true,"href":"https:\/\/libreriahistoriasdebolsillo.com\/index.php\/wp-json\/wp\/v2\/product_tag?post=6118"}],"curies":[{"name":"wp","href":"https:\/\/api.w.org\/{rel}","templated":true}]}}