{"id":6133,"date":"2025-01-29T16:04:36","date_gmt":"2025-01-29T22:04:36","guid":{"rendered":"https:\/\/libreriahistoriasdebolsillo.com\/?post_type=product&#038;p=6133"},"modified":"2025-01-29T16:04:36","modified_gmt":"2025-01-29T22:04:36","slug":"guia-celestial","status":"publish","type":"product","link":"https:\/\/libreriahistoriasdebolsillo.com\/index.php\/producto\/guia-celestial\/","title":{"rendered":"Gu\u00eda celestial"},"content":{"rendered":"<p>A trav\u00e9s de ejercicios, consejos, rituales de cuidado personal, afirmaciones y remedios planetarios, Gu\u00eda celestial es una herramienta que ayudar\u00e1 al lector a planificar su semana, al explorar la energ\u00eda de cada d\u00eda seg\u00fan el cuerpo celeste que lo rija: domingo, Sol; lunes, Luna; martes, Marte; mi\u00e9rcoles, Mercurio; jueves, J\u00fapiter; viernes, Venus; s\u00e1bado, Saturno, y de esta manera comience sus d\u00edas con intenci\u00f3n y prop\u00f3sito, y llene su vida de felicidad, paz, productividad y empoderamiento.<\/p>\n","protected":false},"excerpt":{"rendered":"<p>Makayla Mcrae<\/p>\n<p>295 p\u00e1ginas<\/p>\n","protected":false},"featured_media":6134,"template":"","meta":{"_joinchat":[]},"product_brand":[],"product_cat":[59,70],"product_tag":[48],"class_list":{"0":"post-6133","1":"product","2":"type-product","3":"status-publish","4":"has-post-thumbnail","6":"product_cat-esoterismo","7":"product_cat-novedades","8":"product_tag-vr-editoras","10":"first","11":"instock","12":"shipping-taxable","13":"purchasable","14":"product-type-simple"},"_links":{"self":[{"href":"https:\/\/libreriahistoriasdebolsillo.com\/index.php\/wp-json\/wp\/v2\/product\/6133","targetHints":{"allow":["GET"]}}],"collection":[{"href":"https:\/\/libreriahistoriasdebolsillo.com\/index.php\/wp-json\/wp\/v2\/product"}],"about":[{"href":"https:\/\/libreriahistoriasdebolsillo.com\/index.php\/wp-json\/wp\/v2\/types\/product"}],"wp:featuredmedia":[{"embeddable":true,"href":"https:\/\/libreriahistoriasdebolsillo.com\/index.php\/wp-json\/wp\/v2\/media\/6134"}],"wp:attachment":[{"href":"https:\/\/libreriahistoriasdebolsillo.com\/index.php\/wp-json\/wp\/v2\/media?parent=6133"}],"wp:term":[{"taxonomy":"product_brand","embeddable":true,"href":"https:\/\/libreriahistoriasdebolsillo.com\/index.php\/wp-json\/wp\/v2\/product_brand?post=6133"},{"taxonomy":"product_cat","embeddable":true,"href":"https:\/\/libreriahistoriasdebolsillo.com\/index.php\/wp-json\/wp\/v2\/product_cat?post=6133"},{"taxonomy":"product_tag","embeddable":true,"href":"https:\/\/libreriahistoriasdebolsillo.com\/index.php\/wp-json\/wp\/v2\/product_tag?post=6133"}],"curies":[{"name":"wp","href":"https:\/\/api.w.org\/{rel}","templated":true}]}}