{"id":6135,"date":"2025-01-29T16:07:08","date_gmt":"2025-01-29T22:07:08","guid":{"rendered":"https:\/\/libreriahistoriasdebolsillo.com\/?post_type=product&#038;p=6135"},"modified":"2025-01-29T16:07:08","modified_gmt":"2025-01-29T22:07:08","slug":"la-gran-niebla-de-londres","status":"publish","type":"product","link":"https:\/\/libreriahistoriasdebolsillo.com\/index.php\/producto\/la-gran-niebla-de-londres\/","title":{"rendered":"La gran niebla de londres"},"content":{"rendered":"<p>Entre los d\u00edas 5 y 9 de diciembre de 1952, una intensa niebla cubri\u00f3 Londres. Leticia, una joven pintora, decidi\u00f3 salir a retratar el extra\u00f1o acontecimiento junto con su perra Mim\u00ed, sin imaginar que alguien aprovechar\u00eda el caos que reinaba en la ciudad para secuestrar a su amada caniche&#8230; Leticia recibe la ayuda de Lawrence, un joven violinista, y juntos no se dar\u00e1n por vencidos hasta recuperar a Mim\u00ed y resolver la oscura trama que se esconde detr\u00e1s. Esta es una historia de la historia, narrada por \u00c1ngeles Durini e ilustrada por Fer Calvi.<\/p>\n","protected":false},"excerpt":{"rendered":"<p>\u00c1ngeles Durini<\/p>\n<p>97 p\u00e1ginas<\/p>\n","protected":false},"featured_media":6136,"template":"","meta":{"_joinchat":[]},"product_brand":[],"product_cat":[54,52,70],"product_tag":[48],"class_list":{"0":"post-6135","1":"product","2":"type-product","3":"status-publish","4":"has-post-thumbnail","6":"product_cat-infantil","7":"product_cat-juvenil","8":"product_cat-novedades","9":"product_tag-vr-editoras","11":"first","12":"instock","13":"shipping-taxable","14":"purchasable","15":"product-type-simple"},"_links":{"self":[{"href":"https:\/\/libreriahistoriasdebolsillo.com\/index.php\/wp-json\/wp\/v2\/product\/6135","targetHints":{"allow":["GET"]}}],"collection":[{"href":"https:\/\/libreriahistoriasdebolsillo.com\/index.php\/wp-json\/wp\/v2\/product"}],"about":[{"href":"https:\/\/libreriahistoriasdebolsillo.com\/index.php\/wp-json\/wp\/v2\/types\/product"}],"wp:featuredmedia":[{"embeddable":true,"href":"https:\/\/libreriahistoriasdebolsillo.com\/index.php\/wp-json\/wp\/v2\/media\/6136"}],"wp:attachment":[{"href":"https:\/\/libreriahistoriasdebolsillo.com\/index.php\/wp-json\/wp\/v2\/media?parent=6135"}],"wp:term":[{"taxonomy":"product_brand","embeddable":true,"href":"https:\/\/libreriahistoriasdebolsillo.com\/index.php\/wp-json\/wp\/v2\/product_brand?post=6135"},{"taxonomy":"product_cat","embeddable":true,"href":"https:\/\/libreriahistoriasdebolsillo.com\/index.php\/wp-json\/wp\/v2\/product_cat?post=6135"},{"taxonomy":"product_tag","embeddable":true,"href":"https:\/\/libreriahistoriasdebolsillo.com\/index.php\/wp-json\/wp\/v2\/product_tag?post=6135"}],"curies":[{"name":"wp","href":"https:\/\/api.w.org\/{rel}","templated":true}]}}