{"id":6137,"date":"2025-01-29T16:09:08","date_gmt":"2025-01-29T22:09:08","guid":{"rendered":"https:\/\/libreriahistoriasdebolsillo.com\/?post_type=product&#038;p=6137"},"modified":"2026-03-20T17:44:55","modified_gmt":"2026-03-20T23:44:55","slug":"las-pruebas-del-sol-2-monstruos-celestiales","status":"publish","type":"product","link":"https:\/\/libreriahistoriasdebolsillo.com\/index.php\/producto\/las-pruebas-del-sol-2-monstruos-celestiales\/","title":{"rendered":"Las pruebas del sol 2. Monstruos celestiales"},"content":{"rendered":"<p>Teo nunca pens\u00f3 que podr\u00eda ser un h\u00e9roe. Ahora, no tiene otra opci\u00f3n. El sol se ha ido, los dioses de Obsidiana han sido liberados de su prisi\u00f3n y ahora el caos y la destrucci\u00f3n est\u00e1n causando estragos en Reino del Sol. Todo porque Teo se neg\u00f3 a sacrificar a un semidi\u00f3s compa\u00f1ero durante las Pruebas de los Portadores del Sol. Con el mundo sumido en la noche perpetua, Teo, Aurelio y Niya deben viajar al oscuro desierto de Los Restos, luchando contra monstruos viciosos mientras lidian con la culpa, el trauma y un romance floreciente (muy distractor) entre Teo y Aurelio. Una vez m\u00e1s corriendo contra el reloj, el tr\u00edo est\u00e1 decidido a rescatar a los semidi\u00f3s capturados y recuperar la Piedra del Sol. Con ella, Sol y su luz protectora pueden regresar y se puede restaurar el orden.<\/p>\n","protected":false},"excerpt":{"rendered":"<p>Aiden Thomas<\/p>\n<p>440 p\u00e1ginas<\/p>\n","protected":false},"featured_media":6138,"template":"","meta":{"_joinchat":[]},"product_brand":[],"product_cat":[39,75,70],"product_tag":[48],"class_list":{"0":"post-6137","1":"product","2":"type-product","3":"status-publish","4":"has-post-thumbnail","6":"product_cat-fantasia","7":"product_cat-mitologia","8":"product_cat-novedades","9":"product_tag-vr-editoras","11":"first","12":"instock","13":"shipping-taxable","14":"purchasable","15":"product-type-simple"},"_links":{"self":[{"href":"https:\/\/libreriahistoriasdebolsillo.com\/index.php\/wp-json\/wp\/v2\/product\/6137","targetHints":{"allow":["GET"]}}],"collection":[{"href":"https:\/\/libreriahistoriasdebolsillo.com\/index.php\/wp-json\/wp\/v2\/product"}],"about":[{"href":"https:\/\/libreriahistoriasdebolsillo.com\/index.php\/wp-json\/wp\/v2\/types\/product"}],"wp:featuredmedia":[{"embeddable":true,"href":"https:\/\/libreriahistoriasdebolsillo.com\/index.php\/wp-json\/wp\/v2\/media\/6138"}],"wp:attachment":[{"href":"https:\/\/libreriahistoriasdebolsillo.com\/index.php\/wp-json\/wp\/v2\/media?parent=6137"}],"wp:term":[{"taxonomy":"product_brand","embeddable":true,"href":"https:\/\/libreriahistoriasdebolsillo.com\/index.php\/wp-json\/wp\/v2\/product_brand?post=6137"},{"taxonomy":"product_cat","embeddable":true,"href":"https:\/\/libreriahistoriasdebolsillo.com\/index.php\/wp-json\/wp\/v2\/product_cat?post=6137"},{"taxonomy":"product_tag","embeddable":true,"href":"https:\/\/libreriahistoriasdebolsillo.com\/index.php\/wp-json\/wp\/v2\/product_tag?post=6137"}],"curies":[{"name":"wp","href":"https:\/\/api.w.org\/{rel}","templated":true}]}}