{"id":6147,"date":"2025-01-31T18:24:06","date_gmt":"2025-02-01T00:24:06","guid":{"rendered":"https:\/\/libreriahistoriasdebolsillo.com\/?post_type=product&#038;p=6147"},"modified":"2026-03-23T17:01:30","modified_gmt":"2026-03-23T23:01:30","slug":"cuando-cierro-los-ojos-se-van-los-santos","status":"publish","type":"product","link":"https:\/\/libreriahistoriasdebolsillo.com\/index.php\/producto\/cuando-cierro-los-ojos-se-van-los-santos\/","title":{"rendered":"Cuando cierro los ojos se van los santos"},"content":{"rendered":"<p>Cuando todo a tu alrededor deja de tener sentido y los muros que te protegen guardan secretos siniestros, la locura parece la salida m\u00e1s f\u00e1cil. Isaac ha pasado toda su vida encerrado en un internado de monjas, pero su mundo da un giro al conocer a Daniel, un joven tan encantador como manipulador, en la zona prohibida de la biblioteca. Bajo la inquietante mirada de aterradoras estatuas de santos, Isaac y sus amigos deber\u00e1n buscar la manera de sobrevivir a un colegio del que no todos logran salir con vida. En el momento en que la l\u00ednea entre las pesadillas y la realidad comienza a desdibujarse, Isaac tendr\u00e1 que decidir si est\u00e1 dispuesto a sacrificarse para salvar a sus amigos de un terrible destino.<\/p>\n","protected":false},"excerpt":{"rendered":"<p>Marin Maichen<\/p>\n<p>445 p\u00e1ginas<\/p>\n","protected":false},"featured_media":6148,"template":"","meta":{"_joinchat":[]},"product_brand":[],"product_cat":[39,38,70],"product_tag":[48],"class_list":{"0":"post-6147","1":"product","2":"type-product","3":"status-publish","4":"has-post-thumbnail","6":"product_cat-fantasia","7":"product_cat-lgbtq","8":"product_cat-novedades","9":"product_tag-vr-editoras","11":"first","12":"instock","13":"shipping-taxable","14":"purchasable","15":"product-type-simple"},"_links":{"self":[{"href":"https:\/\/libreriahistoriasdebolsillo.com\/index.php\/wp-json\/wp\/v2\/product\/6147","targetHints":{"allow":["GET"]}}],"collection":[{"href":"https:\/\/libreriahistoriasdebolsillo.com\/index.php\/wp-json\/wp\/v2\/product"}],"about":[{"href":"https:\/\/libreriahistoriasdebolsillo.com\/index.php\/wp-json\/wp\/v2\/types\/product"}],"wp:featuredmedia":[{"embeddable":true,"href":"https:\/\/libreriahistoriasdebolsillo.com\/index.php\/wp-json\/wp\/v2\/media\/6148"}],"wp:attachment":[{"href":"https:\/\/libreriahistoriasdebolsillo.com\/index.php\/wp-json\/wp\/v2\/media?parent=6147"}],"wp:term":[{"taxonomy":"product_brand","embeddable":true,"href":"https:\/\/libreriahistoriasdebolsillo.com\/index.php\/wp-json\/wp\/v2\/product_brand?post=6147"},{"taxonomy":"product_cat","embeddable":true,"href":"https:\/\/libreriahistoriasdebolsillo.com\/index.php\/wp-json\/wp\/v2\/product_cat?post=6147"},{"taxonomy":"product_tag","embeddable":true,"href":"https:\/\/libreriahistoriasdebolsillo.com\/index.php\/wp-json\/wp\/v2\/product_tag?post=6147"}],"curies":[{"name":"wp","href":"https:\/\/api.w.org\/{rel}","templated":true}]}}