{"id":615,"date":"2023-11-20T11:22:01","date_gmt":"2023-11-20T17:22:01","guid":{"rendered":"https:\/\/libreriahistoriasdebolsillo.com\/?post_type=product&#038;p=615"},"modified":"2023-11-20T17:16:25","modified_gmt":"2023-11-20T23:16:25","slug":"diabolicamente-sexy","status":"publish","type":"product","link":"https:\/\/libreriahistoriasdebolsillo.com\/index.php\/producto\/diabolicamente-sexy\/","title":{"rendered":"Diab\u00f3licamente sexy"},"content":{"rendered":"<p>De la autora best seller del New York Times Gwenda Bond, llega una divertida comedia rom\u00e1ntica paranormal sobre dos personas que se enamoran mientras el destino del mundo recae sobre sus hombros. Callie solo quer\u00eda pasar un fin de semana tranquilo con su mejor amiga. Le prometi\u00f3 a su madre que se las arreglar\u00eda para hacerse cargo del negocio familiar, un escape room de ocultismo, mientras ella estuviera fuera de la ciudad. Pero entonces aparece un grupo de culto sat\u00e1nico, asegurando que el libro de hechizos de atrezzo de una de las salas es aut\u00e9ntico y que lo necesitan para invocar la presencia de la mano derecha del diablo. Por supuesto, se llevan a Callie y a su amiga con ellos. Pero cuando la invocaci\u00f3n trae la presencia de un atractivo diablo vestido con chaqueta de cuero y llamado Luke, la noche pasa de extra\u00f1a a completamente surrealista. Luke se ofrece a ayudar a Callie a detener al grupo de culto, que pretende destruir el mundo. Y mientras ambos intentar anticipar sus movimientos, Callie se siente peligrosamente atra\u00edda por el irritante (y tremendamente atractivo) Luke. Lo que Callie desconoce es que su acompa\u00f1ante es en realidad Luke Morningstar, Pr\u00edncipe del Infierno e hijo del mism\u00edsimo diablo. Callie nunca ha tenido tiempo para el amor, y con el apocalipsis a la vuelta de la esquina, \u00bfhabr\u00e1 lugar para el romance, cuando el infierno est\u00e1 a punto de saltar por los aires?<\/p>\n","protected":false},"excerpt":{"rendered":"<p>Gwenda Bond<\/p>\n","protected":false},"featured_media":616,"template":"","meta":{"_joinchat":[]},"product_brand":[],"product_cat":[53,35],"product_tag":[46],"class_list":{"0":"post-615","1":"product","2":"type-product","3":"status-publish","4":"has-post-thumbnail","6":"product_cat-erotica","7":"product_cat-romantica","8":"product_tag-ediciones-urano","10":"first","11":"instock","12":"shipping-taxable","13":"purchasable","14":"product-type-simple"},"_links":{"self":[{"href":"https:\/\/libreriahistoriasdebolsillo.com\/index.php\/wp-json\/wp\/v2\/product\/615","targetHints":{"allow":["GET"]}}],"collection":[{"href":"https:\/\/libreriahistoriasdebolsillo.com\/index.php\/wp-json\/wp\/v2\/product"}],"about":[{"href":"https:\/\/libreriahistoriasdebolsillo.com\/index.php\/wp-json\/wp\/v2\/types\/product"}],"wp:featuredmedia":[{"embeddable":true,"href":"https:\/\/libreriahistoriasdebolsillo.com\/index.php\/wp-json\/wp\/v2\/media\/616"}],"wp:attachment":[{"href":"https:\/\/libreriahistoriasdebolsillo.com\/index.php\/wp-json\/wp\/v2\/media?parent=615"}],"wp:term":[{"taxonomy":"product_brand","embeddable":true,"href":"https:\/\/libreriahistoriasdebolsillo.com\/index.php\/wp-json\/wp\/v2\/product_brand?post=615"},{"taxonomy":"product_cat","embeddable":true,"href":"https:\/\/libreriahistoriasdebolsillo.com\/index.php\/wp-json\/wp\/v2\/product_cat?post=615"},{"taxonomy":"product_tag","embeddable":true,"href":"https:\/\/libreriahistoriasdebolsillo.com\/index.php\/wp-json\/wp\/v2\/product_tag?post=615"}],"curies":[{"name":"wp","href":"https:\/\/api.w.org\/{rel}","templated":true}]}}