{"id":6161,"date":"2025-02-05T12:17:56","date_gmt":"2025-02-05T18:17:56","guid":{"rendered":"https:\/\/libreriahistoriasdebolsillo.com\/?post_type=product&#038;p=6161"},"modified":"2025-02-05T12:17:56","modified_gmt":"2025-02-05T18:17:56","slug":"el-tercer-amor","status":"publish","type":"product","link":"https:\/\/libreriahistoriasdebolsillo.com\/index.php\/producto\/el-tercer-amor\/","title":{"rendered":"El tercer amor"},"content":{"rendered":"<p><span class=\"a-text-bold\">Una delicada historia sobre deseo y desamor por la gran autora japonesa ganadora de los premios Akutagawa, Ito Sei o Tanizaki que conquist\u00f3 a miles de lectores con El cielo es azul, la tierra blanca. \u00abHiromi Kawakami: las cosas sencillas son melanc\u00f3licas. Bellamente melanc\u00f3licas, como el sol que derrite la nieve, sin dejar huella de ella\u00bb. H\u00e9ctor Abad Faciolince<\/span><\/p>\n<p>Despu\u00e9s de casarse con su amor de infancia, Riko se encuentra atrapada en una relaci\u00f3n amargada por la infidelidad. Un d\u00eda, por casualidad, se encuentra con un viejo amigo, el se\u00f1or Takaoka, que le ofrece amistad, amor y una extra\u00f1a evasi\u00f3n: vivir una vida paralela en sus sue\u00f1os. As\u00ed, cada noche vive otra vida: primero, como una cortesana de alto rango del siglo XVII, y, despu\u00e9s, como la sirvienta de una princesa en la Edad Media tard\u00eda. Mientras experimenta el deseo y el desenga\u00f1o en el pasado, Riko reconsidera su vida como una mujer del siglo XXI, como esposa, madre y amante, y se pregunta a s\u00ed misma si, despu\u00e9s de amar a su marido y al se\u00f1or Takaoka, est\u00e1 preparada para su tercer gran amor. La cr\u00edtica ha dicho&#8230; \u00abUna autora de culto. Una reina en el dif\u00edcil arte de golpear al lector sin hacer ruido\u00bb. Eugenio Fuentes \u00abKawakami cautiva con sus palabras y su estilo po\u00e9tico\u00bb. Jacinta Cremades,\u00a0El Mundo \u00abLeer a Kawakami es como darse un ba\u00f1o de agua tibia. Lo m\u00e1s importante es el homenaje que se rinde a la melancol\u00eda, o a la imposibilidad o, mejor a\u00fan, a este estado de indefinici\u00f3n (prerreflexivo) podr\u00edamos decir, en el que habitualmente nos movemos los humanos\u00bb. Pablo D\u2019Ors,\u00a0ABC \u00abEl tercer amor es ese tipo de novela a la que puedes regresar una y otra vez para comprender quienes somos cuando nos enamoramos y nos desenamoramos\u00bb. The Japan Times \u00abUna de las m\u00e1s grandes escritoras japonesas\u00bb. Marie Claire \u00abKawakami sabe acercarse a los misterios del deseo con una sobriedad po\u00e9tica\u00bb. Lire \u00abEl estilo de Kawakami es de una gran finura narrativa, de una delicadeza que roza la poes\u00eda, pero en la que tambi\u00e9n caben la oscuridad, el dolor y el desgarro\u00bb. El Correo \u00abLa prosa de Kawakami bien puede definirse como cristalina: est\u00e1 construida con la precisi\u00f3n hermosa y reticular, perfectamente conectada, de un cristal\u00bb. Ciro Garc\u00eda,\u00a0El Norte de Castilla<\/p>\n","protected":false},"excerpt":{"rendered":"<p>Hiromi Kawakami<\/p>\n<p>310 p\u00e1ginas<\/p>\n","protected":false},"featured_media":6162,"template":"","meta":{"_joinchat":[]},"product_brand":[],"product_cat":[78,33,70],"product_tag":[34],"class_list":{"0":"post-6161","1":"product","2":"type-product","3":"status-publish","4":"has-post-thumbnail","6":"product_cat-contemporanea","7":"product_cat-ficcion-general","8":"product_cat-novedades","9":"product_tag-penguin-random-house","11":"first","12":"instock","13":"shipping-taxable","14":"purchasable","15":"product-type-simple"},"_links":{"self":[{"href":"https:\/\/libreriahistoriasdebolsillo.com\/index.php\/wp-json\/wp\/v2\/product\/6161","targetHints":{"allow":["GET"]}}],"collection":[{"href":"https:\/\/libreriahistoriasdebolsillo.com\/index.php\/wp-json\/wp\/v2\/product"}],"about":[{"href":"https:\/\/libreriahistoriasdebolsillo.com\/index.php\/wp-json\/wp\/v2\/types\/product"}],"wp:featuredmedia":[{"embeddable":true,"href":"https:\/\/libreriahistoriasdebolsillo.com\/index.php\/wp-json\/wp\/v2\/media\/6162"}],"wp:attachment":[{"href":"https:\/\/libreriahistoriasdebolsillo.com\/index.php\/wp-json\/wp\/v2\/media?parent=6161"}],"wp:term":[{"taxonomy":"product_brand","embeddable":true,"href":"https:\/\/libreriahistoriasdebolsillo.com\/index.php\/wp-json\/wp\/v2\/product_brand?post=6161"},{"taxonomy":"product_cat","embeddable":true,"href":"https:\/\/libreriahistoriasdebolsillo.com\/index.php\/wp-json\/wp\/v2\/product_cat?post=6161"},{"taxonomy":"product_tag","embeddable":true,"href":"https:\/\/libreriahistoriasdebolsillo.com\/index.php\/wp-json\/wp\/v2\/product_tag?post=6161"}],"curies":[{"name":"wp","href":"https:\/\/api.w.org\/{rel}","templated":true}]}}