{"id":6167,"date":"2025-02-05T12:25:34","date_gmt":"2025-02-05T18:25:34","guid":{"rendered":"https:\/\/libreriahistoriasdebolsillo.com\/?post_type=product&#038;p=6167"},"modified":"2025-07-08T11:32:08","modified_gmt":"2025-07-08T17:32:08","slug":"elantris-edicion-tapa-dura-limitada-cantos-pintados","status":"publish","type":"product","link":"https:\/\/libreriahistoriasdebolsillo.com\/index.php\/producto\/elantris-edicion-tapa-dura-limitada-cantos-pintados\/","title":{"rendered":"Elantris (edici\u00f3n tapa dura limitada, cantos pintados)"},"content":{"rendered":"<p><span class=\"a-text-bold\">Una novela imprescindible para los amantes de la fantas\u00eda \u00e9pica. Por el consagrado autor del g\u00e9nero Brandon Sanderson. \u00abLa m\u00e1s bella novela de fantas\u00eda que se escribir\u00e1 en muchos a\u00f1os.\u00bb Orson Scott Card, autor de El juego de Ender<\/span><\/p>\n<p>Bienvenidos a la ciudad de Elantris, la poderosa y bella capital de Arelon llamada \u00abla ciudad de los dioses\u00bb. Anta\u00f1o famosa sede de inmortales, lugar repleto de poderosa magia, Elantris ha ca\u00eddo en desgracia. Ahora solo acoge a los nuevos \u00abmuertos en vida\u00bb, postrados en una insufrible \u00abno-vida\u00bb tras una misteriosa y terrible transformaci\u00f3n. Un matrimonio de Estado destinado a unir los reinos de Arelon y Teod se frustra, ya que el novio, Raoden, el pr\u00edncipe de Arelon, sufre inesperadamente la Transformaci\u00f3n, se convierte en un \u00abmuerto en vida\u00bb y debe refugiarse en Elantris. Su reciente esposa, la princesa Sarene de Teod, crey\u00e9ndolo muerto, se ve obligada a incorporarse a la vida de Arelon y su nueva capital, Kae. Mientras, el embajador y alto sacerdote de otro reino vecino, Fjordell, usar\u00e1 su habilidad pol\u00edtica para intentar dominar Arelod y Teod con el prop\u00f3sito de someterlos a su emperador y su dios. &#8212;&#8212;- Brandon Sanderson debut\u00f3 en 2006 ante los lectores con Elantris, una novela de fantas\u00eda \u00e9pica que marc\u00f3 un aut\u00e9ntico hito. Cuando se cumple el d\u00e9cimo aniversario de su publicaci\u00f3n, Nova la relanza en esta edici\u00f3n especial, que permite rememorar y descubrir los inicios de un autor que, desde entonces, ha cosechado ocho millones de seguidores en todo el mundo, confirmando su condici\u00f3n de heredero al trono de todo un g\u00e9nero. Esta nueva versi\u00f3n, convertida en la edici\u00f3n definitiva del autor, empieza con un prefacio de Dan Wells, la primera persona que ley\u00f3 el manuscrito completo, y un nuevo pr\u00f3logo de Miquel Barcel\u00f3, su primer editor en castellano. La cierra un ep\u00edlogo en que el propio Sanderson nos cuenta por que escribi\u00f3 esta novela y su importancia en el Cosmere, el fascinante universo que comparte la mayor\u00eda de sus obras. Se incluye tambi\u00e9n una versi\u00f3n ampliada del ap\u00e9ndice \u00abArs Arcanum\u00bb, con m\u00e1s detalles t\u00e9cnicos sobre la magia de un libro m\u00edtico para su legi\u00f3n de lectores. &#8212;&#8212;- Rese\u00f1as: \u00abBrandon Sanderson es una leyenda.\u00bb Alexelcapo, @EvilAFM \u00abUna obra inolvidable que en cada lectura es capaz de ofrecer nuevos matices y hallazgos. Una verdadera maravilla.\u00bb Miguel Barcel\u00f3, autor de Ciencia Ficci\u00f3n. Nueva gu\u00eda de lectura<\/p>\n","protected":false},"excerpt":{"rendered":"<p>Brandon Sanderson<\/p>\n<p>800 p\u00e1ginas<\/p>\n","protected":false},"featured_media":6169,"template":"","meta":{"_joinchat":[]},"product_brand":[],"product_cat":[39,70],"product_tag":[34],"class_list":{"0":"post-6167","1":"product","2":"type-product","3":"status-publish","4":"has-post-thumbnail","6":"product_cat-fantasia","7":"product_cat-novedades","8":"product_tag-penguin-random-house","10":"first","11":"outofstock","12":"shipping-taxable","13":"purchasable","14":"product-type-simple"},"_links":{"self":[{"href":"https:\/\/libreriahistoriasdebolsillo.com\/index.php\/wp-json\/wp\/v2\/product\/6167","targetHints":{"allow":["GET"]}}],"collection":[{"href":"https:\/\/libreriahistoriasdebolsillo.com\/index.php\/wp-json\/wp\/v2\/product"}],"about":[{"href":"https:\/\/libreriahistoriasdebolsillo.com\/index.php\/wp-json\/wp\/v2\/types\/product"}],"wp:featuredmedia":[{"embeddable":true,"href":"https:\/\/libreriahistoriasdebolsillo.com\/index.php\/wp-json\/wp\/v2\/media\/6169"}],"wp:attachment":[{"href":"https:\/\/libreriahistoriasdebolsillo.com\/index.php\/wp-json\/wp\/v2\/media?parent=6167"}],"wp:term":[{"taxonomy":"product_brand","embeddable":true,"href":"https:\/\/libreriahistoriasdebolsillo.com\/index.php\/wp-json\/wp\/v2\/product_brand?post=6167"},{"taxonomy":"product_cat","embeddable":true,"href":"https:\/\/libreriahistoriasdebolsillo.com\/index.php\/wp-json\/wp\/v2\/product_cat?post=6167"},{"taxonomy":"product_tag","embeddable":true,"href":"https:\/\/libreriahistoriasdebolsillo.com\/index.php\/wp-json\/wp\/v2\/product_tag?post=6167"}],"curies":[{"name":"wp","href":"https:\/\/api.w.org\/{rel}","templated":true}]}}