{"id":617,"date":"2023-11-20T11:34:25","date_gmt":"2023-11-20T17:34:25","guid":{"rendered":"https:\/\/libreriahistoriasdebolsillo.com\/?post_type=product&#038;p=617"},"modified":"2025-07-14T11:01:44","modified_gmt":"2025-07-14T17:01:44","slug":"una-magia-mas-oscura","status":"publish","type":"product","link":"https:\/\/libreriahistoriasdebolsillo.com\/index.php\/producto\/una-magia-mas-oscura\/","title":{"rendered":"Una magia m\u00e1s oscura"},"content":{"rendered":"<p>Una de las sagas de fantas\u00eda m\u00e1s exitosas de los \u00faltimos tiempos. Kell es uno de los \u00faltimos Antari, magos que poseen una extra\u00f1a y codiciada habilidad para viajar entre varios Londres paralelos: Rojo, Gris, Blanco y, hace mucho tiempo, Negro. Kell creci\u00f3 en Arnes, el Londres Rojo, y sirve de manera oficial al imperio de Maresh como embajador, lo que significa que viaja entre los frecuentes y sangrientos cambios de r\u00e9gimen en el Londres Blanco y en la corte de George III en el Londres m\u00e1s aburrido, el que ya no tiene nada de magia. De manera extraoficial, Kell es un contrabandista que atiende a las personas que est\u00e1n dispuestas a pagar incluso por los atisbos m\u00e1s peque\u00f1os de un mundo que nunca ver\u00e1n. Es un pasatiempo desafiante con consecuencias peligrosas, que Kell ahora est\u00e1 sufriendo en carne propia. Cuando un intercambio sale mal, Kell escapa al Londres Gris y se encuentra con Delilah Bard, una ladrona con grandes aspiraciones. Primero le roba, luego lo salva de un enemigo mortal y al final lo obliga a llevarla a otro mundo para vivir una aventura de verdad. Ahora se avecina una magia peligrosa, y la traici\u00f3n acecha en cada rinc\u00f3n. Para salvar todos los mundos, primero deber\u00e1n hacer todo lo posible para sobrevivir.<\/p>\n","protected":false},"excerpt":{"rendered":"<p>V.E. Schwab<\/p>\n","protected":false},"featured_media":618,"template":"","meta":{"_joinchat":[]},"product_brand":[],"product_cat":[39],"product_tag":[46],"class_list":{"0":"post-617","1":"product","2":"type-product","3":"status-publish","4":"has-post-thumbnail","6":"product_cat-fantasia","7":"product_tag-ediciones-urano","9":"first","10":"outofstock","11":"shipping-taxable","12":"purchasable","13":"product-type-simple"},"_links":{"self":[{"href":"https:\/\/libreriahistoriasdebolsillo.com\/index.php\/wp-json\/wp\/v2\/product\/617","targetHints":{"allow":["GET"]}}],"collection":[{"href":"https:\/\/libreriahistoriasdebolsillo.com\/index.php\/wp-json\/wp\/v2\/product"}],"about":[{"href":"https:\/\/libreriahistoriasdebolsillo.com\/index.php\/wp-json\/wp\/v2\/types\/product"}],"wp:featuredmedia":[{"embeddable":true,"href":"https:\/\/libreriahistoriasdebolsillo.com\/index.php\/wp-json\/wp\/v2\/media\/618"}],"wp:attachment":[{"href":"https:\/\/libreriahistoriasdebolsillo.com\/index.php\/wp-json\/wp\/v2\/media?parent=617"}],"wp:term":[{"taxonomy":"product_brand","embeddable":true,"href":"https:\/\/libreriahistoriasdebolsillo.com\/index.php\/wp-json\/wp\/v2\/product_brand?post=617"},{"taxonomy":"product_cat","embeddable":true,"href":"https:\/\/libreriahistoriasdebolsillo.com\/index.php\/wp-json\/wp\/v2\/product_cat?post=617"},{"taxonomy":"product_tag","embeddable":true,"href":"https:\/\/libreriahistoriasdebolsillo.com\/index.php\/wp-json\/wp\/v2\/product_tag?post=617"}],"curies":[{"name":"wp","href":"https:\/\/api.w.org\/{rel}","templated":true}]}}