{"id":6172,"date":"2025-02-05T12:33:44","date_gmt":"2025-02-05T18:33:44","guid":{"rendered":"https:\/\/libreriahistoriasdebolsillo.com\/?post_type=product&#038;p=6172"},"modified":"2026-03-10T15:26:26","modified_gmt":"2026-03-10T21:26:26","slug":"los-secretos-del-inmortal-nicolas-flamel-2-el-mago","status":"publish","type":"product","link":"https:\/\/libreriahistoriasdebolsillo.com\/index.php\/producto\/los-secretos-del-inmortal-nicolas-flamel-2-el-mago\/","title":{"rendered":"Los secretos del inmortal Nicolas Flamel 2. El mago"},"content":{"rendered":"<p>Para Flamel, la Profes\u00eda se vuelve cada vez m\u00e1s real.Segundo libro de la serie Los secretos del inmortal Nicolas Flamel. Bestseller de The New York Times y USA Today. Parte de la selecci\u00f3n de Indie Next, \u00abLibro para adolescentes\u00bb de la Biblioteca P\u00fablica de Nueva York y selecci\u00f3n del IRA Young Adult. Tras escapar de Ojai Nicholas, Sophie, Josh y Scatty aparecen en Par\u00eds. All\u00ed les estar\u00e1n esperando nuevos enemigos como Maquiavelo, escritor inmortal que est\u00e1 dispuesto a cualquier cosa por obtener el poder del Libro de Abraham el Mago. Mientras tanto Perenelle sigue encerrada en Alcatraz y el tiempo corre en su contra la profec\u00eda se est\u00e1 haciendo realidad.<\/p>\n","protected":false},"excerpt":{"rendered":"<p>Michael Scott<\/p>\n<p>507 p\u00e1ginas<\/p>\n","protected":false},"featured_media":6173,"template":"","meta":{"_joinchat":[]},"product_brand":[],"product_cat":[39,51],"product_tag":[34],"class_list":{"0":"post-6172","1":"product","2":"type-product","3":"status-publish","4":"has-post-thumbnail","6":"product_cat-fantasia","7":"product_cat-oferta","8":"product_tag-penguin-random-house","10":"first","11":"instock","12":"sale","13":"shipping-taxable","14":"purchasable","15":"product-type-simple"},"_links":{"self":[{"href":"https:\/\/libreriahistoriasdebolsillo.com\/index.php\/wp-json\/wp\/v2\/product\/6172","targetHints":{"allow":["GET"]}}],"collection":[{"href":"https:\/\/libreriahistoriasdebolsillo.com\/index.php\/wp-json\/wp\/v2\/product"}],"about":[{"href":"https:\/\/libreriahistoriasdebolsillo.com\/index.php\/wp-json\/wp\/v2\/types\/product"}],"wp:featuredmedia":[{"embeddable":true,"href":"https:\/\/libreriahistoriasdebolsillo.com\/index.php\/wp-json\/wp\/v2\/media\/6173"}],"wp:attachment":[{"href":"https:\/\/libreriahistoriasdebolsillo.com\/index.php\/wp-json\/wp\/v2\/media?parent=6172"}],"wp:term":[{"taxonomy":"product_brand","embeddable":true,"href":"https:\/\/libreriahistoriasdebolsillo.com\/index.php\/wp-json\/wp\/v2\/product_brand?post=6172"},{"taxonomy":"product_cat","embeddable":true,"href":"https:\/\/libreriahistoriasdebolsillo.com\/index.php\/wp-json\/wp\/v2\/product_cat?post=6172"},{"taxonomy":"product_tag","embeddable":true,"href":"https:\/\/libreriahistoriasdebolsillo.com\/index.php\/wp-json\/wp\/v2\/product_tag?post=6172"}],"curies":[{"name":"wp","href":"https:\/\/api.w.org\/{rel}","templated":true}]}}