{"id":6174,"date":"2025-02-05T12:36:51","date_gmt":"2025-02-05T18:36:51","guid":{"rendered":"https:\/\/libreriahistoriasdebolsillo.com\/?post_type=product&#038;p=6174"},"modified":"2025-05-26T14:57:55","modified_gmt":"2025-05-26T20:57:55","slug":"guerra-nuclear","status":"publish","type":"product","link":"https:\/\/libreriahistoriasdebolsillo.com\/index.php\/producto\/guerra-nuclear\/","title":{"rendered":"Guerra nuclear"},"content":{"rendered":"<p><span class=\"a-text-bold\">\u00bfQu\u00e9 ocurrir\u00eda si un misil nuclear se dirigiera a Estados Unidos? \u00abUn thriller geopol\u00edtico desde muchas perspectivas y con un cron\u00f3metro que te cortar\u00e1 la respiraci\u00f3n\u00bb. Forbes<\/span><\/p>\n<p>Solo hay un escenario, aparte del impacto de un asteroide, capaz de acabar con el mundo tal como lo conocemos en cuesti\u00f3n de horas: una guerra nuclear. Hasta ahora, nadie fuera de los c\u00edrculos oficiales ha sabido con exactitud qu\u00e9 suceder\u00eda si un estado rebelde lanzara una cabeza nuclear contra el Pent\u00e1gono. Segundo a segundo y minuto a minuto, estos son los acontecimientos, acciones y protocolos reales que coreograf\u00edan el fin de la civilizaci\u00f3n. Las decisiones que afectan a miles de millones de vidas deben tomarse en seis minutos a partir de informaci\u00f3n incompleta y parcial, y a sabiendas de que, una vez se ejecuten, nada es capaz de detener la destrucci\u00f3n. A partir de docenas de entrevistas con expertos militares y civiles que han construido estas armas, que han formado parte de la creaci\u00f3n de los planes de respuesta y que deben asumir la responsabilidad de las decisiones cruciales, la finalista del Premio Pulitzer Annie Jacobsen logra el m\u00e1s fidedigno y escalofriante relato de las consecuencias definitivas de una Guerra nuclear. La cr\u00edtica ha dicho: \u00abUna v\u00edvida imagen de lo que podr\u00eda suceder si nuestros guardianes nucleares fallan. Aterrador\u00bb. The Wall Street Journal \u00abFundamental\u00bb. The New York Times \u00abNarra una historia espeluznante de una manera devastadoramente directa\u00bb. The Guardian \u00abUna advertencia urgente que sin duda provocar\u00e1 pesadillas\u00bb. Kirkus Reviews<\/p>\n","protected":false},"excerpt":{"rendered":"<p>Annie Jacobsen<\/p>\n<p>414 p\u00e1ginas<\/p>\n","protected":false},"featured_media":6175,"template":"","meta":{"_joinchat":[]},"product_brand":[],"product_cat":[41,70],"product_tag":[34],"class_list":{"0":"post-6174","1":"product","2":"type-product","3":"status-publish","4":"has-post-thumbnail","6":"product_cat-desarrollo-humano","7":"product_cat-novedades","8":"product_tag-penguin-random-house","10":"first","11":"outofstock","12":"shipping-taxable","13":"purchasable","14":"product-type-simple"},"_links":{"self":[{"href":"https:\/\/libreriahistoriasdebolsillo.com\/index.php\/wp-json\/wp\/v2\/product\/6174","targetHints":{"allow":["GET"]}}],"collection":[{"href":"https:\/\/libreriahistoriasdebolsillo.com\/index.php\/wp-json\/wp\/v2\/product"}],"about":[{"href":"https:\/\/libreriahistoriasdebolsillo.com\/index.php\/wp-json\/wp\/v2\/types\/product"}],"wp:featuredmedia":[{"embeddable":true,"href":"https:\/\/libreriahistoriasdebolsillo.com\/index.php\/wp-json\/wp\/v2\/media\/6175"}],"wp:attachment":[{"href":"https:\/\/libreriahistoriasdebolsillo.com\/index.php\/wp-json\/wp\/v2\/media?parent=6174"}],"wp:term":[{"taxonomy":"product_brand","embeddable":true,"href":"https:\/\/libreriahistoriasdebolsillo.com\/index.php\/wp-json\/wp\/v2\/product_brand?post=6174"},{"taxonomy":"product_cat","embeddable":true,"href":"https:\/\/libreriahistoriasdebolsillo.com\/index.php\/wp-json\/wp\/v2\/product_cat?post=6174"},{"taxonomy":"product_tag","embeddable":true,"href":"https:\/\/libreriahistoriasdebolsillo.com\/index.php\/wp-json\/wp\/v2\/product_tag?post=6174"}],"curies":[{"name":"wp","href":"https:\/\/api.w.org\/{rel}","templated":true}]}}