{"id":6180,"date":"2025-02-05T12:43:34","date_gmt":"2025-02-05T18:43:34","guid":{"rendered":"https:\/\/libreriahistoriasdebolsillo.com\/?post_type=product&#038;p=6180"},"modified":"2025-05-26T14:57:08","modified_gmt":"2025-05-26T20:57:08","slug":"veinte-mil-leguas-de-viaje-submarino","status":"publish","type":"product","link":"https:\/\/libreriahistoriasdebolsillo.com\/index.php\/producto\/veinte-mil-leguas-de-viaje-submarino\/","title":{"rendered":"Veinte mil leguas de viaje submarino"},"content":{"rendered":"<p><span class=\"a-text-bold\">Los cl\u00e1sicos de Julio Verne en una cuidada edici\u00f3n actualizada, ilustrada y adaptada.<\/span><\/p>\n<p>Combatir con calamares gigantes, sobrevivir a un terrible remolino, navegar bajo los hielos de la Ant\u00e1rtida&#8230; \u00bfHa y mayor aventura? El bi\u00f3logo Aronnax y sus amigos lo descubrir\u00e1n a bordo del Nautilus, el submarino del misterioso capit\u00e1n Nemo.<\/p>\n","protected":false},"excerpt":{"rendered":"<p>Julio Verne<\/p>\n<p>285 p\u00e1ginas<\/p>\n","protected":false},"featured_media":6181,"template":"","meta":{"_joinchat":[]},"product_brand":[],"product_cat":[42],"product_tag":[34],"class_list":{"0":"post-6180","1":"product","2":"type-product","3":"status-publish","4":"has-post-thumbnail","6":"product_cat-literatura-clasica","7":"product_tag-penguin-random-house","9":"first","10":"outofstock","11":"shipping-taxable","12":"purchasable","13":"product-type-simple"},"_links":{"self":[{"href":"https:\/\/libreriahistoriasdebolsillo.com\/index.php\/wp-json\/wp\/v2\/product\/6180","targetHints":{"allow":["GET"]}}],"collection":[{"href":"https:\/\/libreriahistoriasdebolsillo.com\/index.php\/wp-json\/wp\/v2\/product"}],"about":[{"href":"https:\/\/libreriahistoriasdebolsillo.com\/index.php\/wp-json\/wp\/v2\/types\/product"}],"wp:featuredmedia":[{"embeddable":true,"href":"https:\/\/libreriahistoriasdebolsillo.com\/index.php\/wp-json\/wp\/v2\/media\/6181"}],"wp:attachment":[{"href":"https:\/\/libreriahistoriasdebolsillo.com\/index.php\/wp-json\/wp\/v2\/media?parent=6180"}],"wp:term":[{"taxonomy":"product_brand","embeddable":true,"href":"https:\/\/libreriahistoriasdebolsillo.com\/index.php\/wp-json\/wp\/v2\/product_brand?post=6180"},{"taxonomy":"product_cat","embeddable":true,"href":"https:\/\/libreriahistoriasdebolsillo.com\/index.php\/wp-json\/wp\/v2\/product_cat?post=6180"},{"taxonomy":"product_tag","embeddable":true,"href":"https:\/\/libreriahistoriasdebolsillo.com\/index.php\/wp-json\/wp\/v2\/product_tag?post=6180"}],"curies":[{"name":"wp","href":"https:\/\/api.w.org\/{rel}","templated":true}]}}