{"id":6182,"date":"2025-02-05T12:45:08","date_gmt":"2025-02-05T18:45:08","guid":{"rendered":"https:\/\/libreriahistoriasdebolsillo.com\/?post_type=product&#038;p=6182"},"modified":"2025-05-26T14:57:14","modified_gmt":"2025-05-26T20:57:14","slug":"viaje-al-centro-de-la-tierra","status":"publish","type":"product","link":"https:\/\/libreriahistoriasdebolsillo.com\/index.php\/producto\/viaje-al-centro-de-la-tierra\/","title":{"rendered":"Viaje al centro de la tierra"},"content":{"rendered":"<p>Los cl\u00e1ssicos de Julio Verne en una cuidada edici\u00f3n actualizada, ilustrada y adaptada. Gracias a un pergamino r\u00fanico que revela el camino al centro de la Tierra, el profesor Lidenbrock y su sobrino descubrir\u00e1n un mundo subterr\u00e1neo, con mares y animales antediluvianos. \u00bfSobrevivir\u00e1n a su peligroso encuentro con dinosaurios, poderosas tormentas y seres misteriosos?<\/p>\n","protected":false},"excerpt":{"rendered":"<p>Julio Verne<\/p>\n<p>248 p\u00e1ginas<\/p>\n","protected":false},"featured_media":6183,"template":"","meta":{"_joinchat":[]},"product_brand":[],"product_cat":[42],"product_tag":[34],"class_list":{"0":"post-6182","1":"product","2":"type-product","3":"status-publish","4":"has-post-thumbnail","6":"product_cat-literatura-clasica","7":"product_tag-penguin-random-house","9":"first","10":"outofstock","11":"shipping-taxable","12":"purchasable","13":"product-type-simple"},"_links":{"self":[{"href":"https:\/\/libreriahistoriasdebolsillo.com\/index.php\/wp-json\/wp\/v2\/product\/6182","targetHints":{"allow":["GET"]}}],"collection":[{"href":"https:\/\/libreriahistoriasdebolsillo.com\/index.php\/wp-json\/wp\/v2\/product"}],"about":[{"href":"https:\/\/libreriahistoriasdebolsillo.com\/index.php\/wp-json\/wp\/v2\/types\/product"}],"wp:featuredmedia":[{"embeddable":true,"href":"https:\/\/libreriahistoriasdebolsillo.com\/index.php\/wp-json\/wp\/v2\/media\/6183"}],"wp:attachment":[{"href":"https:\/\/libreriahistoriasdebolsillo.com\/index.php\/wp-json\/wp\/v2\/media?parent=6182"}],"wp:term":[{"taxonomy":"product_brand","embeddable":true,"href":"https:\/\/libreriahistoriasdebolsillo.com\/index.php\/wp-json\/wp\/v2\/product_brand?post=6182"},{"taxonomy":"product_cat","embeddable":true,"href":"https:\/\/libreriahistoriasdebolsillo.com\/index.php\/wp-json\/wp\/v2\/product_cat?post=6182"},{"taxonomy":"product_tag","embeddable":true,"href":"https:\/\/libreriahistoriasdebolsillo.com\/index.php\/wp-json\/wp\/v2\/product_tag?post=6182"}],"curies":[{"name":"wp","href":"https:\/\/api.w.org\/{rel}","templated":true}]}}