{"id":6184,"date":"2025-02-05T12:47:56","date_gmt":"2025-02-05T18:47:56","guid":{"rendered":"https:\/\/libreriahistoriasdebolsillo.com\/?post_type=product&#038;p=6184"},"modified":"2025-02-10T18:12:35","modified_gmt":"2025-02-11T00:12:35","slug":"la-vuelta-al-mundo-en-80-dias","status":"publish","type":"product","link":"https:\/\/libreriahistoriasdebolsillo.com\/index.php\/producto\/la-vuelta-al-mundo-en-80-dias\/","title":{"rendered":"La vuelta al mundo en 80 d\u00edas"},"content":{"rendered":"<p>\u00bfDar la vuelta al mundo en 80 d\u00edas? \u00a1Imposible! Solo Phileas Fogg, un exc\u00e9ntrico caballero ingl\u00e9s, se atrever\u00eda a intentarlo. La aventura le deparar\u00e1 algunos contratiempos, pero Phileas lo tiene todo controlado. O eso cree \u00e9l&#8230; \u00bfDar la vuelta al mundo en 80 d\u00edas? \u00a1Imposible! Solo Phileas Fogg, un exc\u00e9ntrico caballero ingl\u00e9s, se atrever\u00eda a intentarlo. La aventura le deparar\u00e1 algunos contratiempos, pero Phileas lo tiene todo controlado. O eso cree \u00e9l&#8230;<\/p>\n","protected":false},"excerpt":{"rendered":"<p>Julio Verne<\/p>\n<p>230 p\u00e1ginas<\/p>\n","protected":false},"featured_media":6185,"template":"","meta":{"_joinchat":[]},"product_brand":[],"product_cat":[42],"product_tag":[34],"class_list":{"0":"post-6184","1":"product","2":"type-product","3":"status-publish","4":"has-post-thumbnail","6":"product_cat-literatura-clasica","7":"product_tag-penguin-random-house","9":"first","10":"outofstock","11":"shipping-taxable","12":"purchasable","13":"product-type-simple"},"_links":{"self":[{"href":"https:\/\/libreriahistoriasdebolsillo.com\/index.php\/wp-json\/wp\/v2\/product\/6184","targetHints":{"allow":["GET"]}}],"collection":[{"href":"https:\/\/libreriahistoriasdebolsillo.com\/index.php\/wp-json\/wp\/v2\/product"}],"about":[{"href":"https:\/\/libreriahistoriasdebolsillo.com\/index.php\/wp-json\/wp\/v2\/types\/product"}],"wp:featuredmedia":[{"embeddable":true,"href":"https:\/\/libreriahistoriasdebolsillo.com\/index.php\/wp-json\/wp\/v2\/media\/6185"}],"wp:attachment":[{"href":"https:\/\/libreriahistoriasdebolsillo.com\/index.php\/wp-json\/wp\/v2\/media?parent=6184"}],"wp:term":[{"taxonomy":"product_brand","embeddable":true,"href":"https:\/\/libreriahistoriasdebolsillo.com\/index.php\/wp-json\/wp\/v2\/product_brand?post=6184"},{"taxonomy":"product_cat","embeddable":true,"href":"https:\/\/libreriahistoriasdebolsillo.com\/index.php\/wp-json\/wp\/v2\/product_cat?post=6184"},{"taxonomy":"product_tag","embeddable":true,"href":"https:\/\/libreriahistoriasdebolsillo.com\/index.php\/wp-json\/wp\/v2\/product_tag?post=6184"}],"curies":[{"name":"wp","href":"https:\/\/api.w.org\/{rel}","templated":true}]}}