{"id":6188,"date":"2025-02-06T14:19:25","date_gmt":"2025-02-06T20:19:25","guid":{"rendered":"https:\/\/libreriahistoriasdebolsillo.com\/?post_type=product&#038;p=6188"},"modified":"2025-11-21T13:08:43","modified_gmt":"2025-11-21T19:08:43","slug":"aunque-llueva-en-primavera","status":"publish","type":"product","link":"https:\/\/libreriahistoriasdebolsillo.com\/index.php\/producto\/aunque-llueva-en-primavera\/","title":{"rendered":"Aunque llueva en primavera"},"content":{"rendered":"<p><b>Cherry Chic vuelve con un nuevo standalone: pueblo peque\u00f1o, paisajes de ensue\u00f1o, padre soltero y un slow burn romance que engancha desde la primera p\u00e1gina.<\/b><\/p>\n<p>Existe un lugar en el mundo, entre pastos verdes, r\u00edos helados y calles empedradas, en el que el sol no sale mucho y, aun as\u00ed, congrega a los habitantes m\u00e1s c\u00e1lidos que puedas imaginar.<\/p>\n<p>All\u00ed vive Lilibeth, nuestra protagonista, que regenta la \u00fanica escuela del pueblo. Adora a sus alumnos, bordar la ropa que compra con peque\u00f1as flores, el t\u00e9, cuidar su jard\u00edn y reunirse con sus seres queridos. Es una chica afable, dulce y risue\u00f1a, o eso es lo que te dir\u00eda cualquier vecino de Havenwish.<\/p>\n<p>Cualquiera menos Blake, que lleg\u00f3 al pueblo hace poco y no tiene muy buena opini\u00f3n sobre la maestra de su hija peque\u00f1a.<\/p>\n<p>\u00bfPodr\u00e1n un concurso de jardines, la rivalidad entre unos vecinos muy peculiares y un pu\u00f1ado de secretos conseguir que no quieras salir nunca de Havenwish?<\/p>\n","protected":false},"excerpt":{"rendered":"<p>Cherry Chic<\/p>\n<p>496 p\u00e1ginas<\/p>\n","protected":false},"featured_media":6189,"template":"","meta":{"_joinchat":[]},"product_brand":[],"product_cat":[70,35],"product_tag":[34],"class_list":{"0":"post-6188","1":"product","2":"type-product","3":"status-publish","4":"has-post-thumbnail","6":"product_cat-novedades","7":"product_cat-romantica","8":"product_tag-penguin-random-house","10":"first","11":"outofstock","12":"shipping-taxable","13":"purchasable","14":"product-type-simple"},"_links":{"self":[{"href":"https:\/\/libreriahistoriasdebolsillo.com\/index.php\/wp-json\/wp\/v2\/product\/6188","targetHints":{"allow":["GET"]}}],"collection":[{"href":"https:\/\/libreriahistoriasdebolsillo.com\/index.php\/wp-json\/wp\/v2\/product"}],"about":[{"href":"https:\/\/libreriahistoriasdebolsillo.com\/index.php\/wp-json\/wp\/v2\/types\/product"}],"wp:featuredmedia":[{"embeddable":true,"href":"https:\/\/libreriahistoriasdebolsillo.com\/index.php\/wp-json\/wp\/v2\/media\/6189"}],"wp:attachment":[{"href":"https:\/\/libreriahistoriasdebolsillo.com\/index.php\/wp-json\/wp\/v2\/media?parent=6188"}],"wp:term":[{"taxonomy":"product_brand","embeddable":true,"href":"https:\/\/libreriahistoriasdebolsillo.com\/index.php\/wp-json\/wp\/v2\/product_brand?post=6188"},{"taxonomy":"product_cat","embeddable":true,"href":"https:\/\/libreriahistoriasdebolsillo.com\/index.php\/wp-json\/wp\/v2\/product_cat?post=6188"},{"taxonomy":"product_tag","embeddable":true,"href":"https:\/\/libreriahistoriasdebolsillo.com\/index.php\/wp-json\/wp\/v2\/product_tag?post=6188"}],"curies":[{"name":"wp","href":"https:\/\/api.w.org\/{rel}","templated":true}]}}