{"id":6190,"date":"2025-02-06T14:22:02","date_gmt":"2025-02-06T20:22:02","guid":{"rendered":"https:\/\/libreriahistoriasdebolsillo.com\/?post_type=product&#038;p=6190"},"modified":"2025-02-24T12:46:22","modified_gmt":"2025-02-24T18:46:22","slug":"culpables-3-culpa-nuestra-ed-especial-tapa-dura","status":"publish","type":"product","link":"https:\/\/libreriahistoriasdebolsillo.com\/index.php\/producto\/culpables-3-culpa-nuestra-ed-especial-tapa-dura\/","title":{"rendered":"Culpables 3. Culpa nuestra (ed. especial tapa dura)"},"content":{"rendered":"<p><b>NICHOLAS LEISTER HA SIDO CREADO<\/b>\u00a0<b>PARA AMARGARME LA VIDA.<\/b><\/p>\n<p>La relaci\u00f3n de\u00a0<b>Nick y Noah<\/b>\u00a0est\u00e1 pasando por su peor momento, y parece que nada podr\u00e1 volver a ser como antes&#8230; Van a tener que superar muchas cosas para finalmente comprender si de verdad est\u00e1n hechos el\u00a0<b>uno para el otro<\/b>\u00a0o si, por lo contrario, estar separados es lo que de verdad les conviene.<\/p>\n<p>Pero \u00bfacaso se puede olvidar un amor tan fuerte? \u00bfC\u00f3mo pueden borrarse los recuerdos tatuados en el\u00a0<b>coraz\u00f3n<\/b>?<\/p>\n<p>El amor no siempre es suficiente y el perd\u00f3n a veces no basta para solucionar las cosas.<\/p>\n<p>\u00bfSer\u00e1n capaces de dejar atr\u00e1s el pasado y volver a empezar?<\/p>\n","protected":false},"excerpt":{"rendered":"<p>Mercedes Ron<\/p>\n<p>448 p\u00e1ginas<\/p>\n","protected":false},"featured_media":6191,"template":"","meta":{"_joinchat":[]},"product_brand":[],"product_cat":[52,70,35],"product_tag":[34],"class_list":{"0":"post-6190","1":"product","2":"type-product","3":"status-publish","4":"has-post-thumbnail","6":"product_cat-juvenil","7":"product_cat-novedades","8":"product_cat-romantica","9":"product_tag-penguin-random-house","11":"first","12":"outofstock","13":"shipping-taxable","14":"purchasable","15":"product-type-simple"},"_links":{"self":[{"href":"https:\/\/libreriahistoriasdebolsillo.com\/index.php\/wp-json\/wp\/v2\/product\/6190","targetHints":{"allow":["GET"]}}],"collection":[{"href":"https:\/\/libreriahistoriasdebolsillo.com\/index.php\/wp-json\/wp\/v2\/product"}],"about":[{"href":"https:\/\/libreriahistoriasdebolsillo.com\/index.php\/wp-json\/wp\/v2\/types\/product"}],"wp:featuredmedia":[{"embeddable":true,"href":"https:\/\/libreriahistoriasdebolsillo.com\/index.php\/wp-json\/wp\/v2\/media\/6191"}],"wp:attachment":[{"href":"https:\/\/libreriahistoriasdebolsillo.com\/index.php\/wp-json\/wp\/v2\/media?parent=6190"}],"wp:term":[{"taxonomy":"product_brand","embeddable":true,"href":"https:\/\/libreriahistoriasdebolsillo.com\/index.php\/wp-json\/wp\/v2\/product_brand?post=6190"},{"taxonomy":"product_cat","embeddable":true,"href":"https:\/\/libreriahistoriasdebolsillo.com\/index.php\/wp-json\/wp\/v2\/product_cat?post=6190"},{"taxonomy":"product_tag","embeddable":true,"href":"https:\/\/libreriahistoriasdebolsillo.com\/index.php\/wp-json\/wp\/v2\/product_tag?post=6190"}],"curies":[{"name":"wp","href":"https:\/\/api.w.org\/{rel}","templated":true}]}}