{"id":6192,"date":"2025-02-06T14:25:17","date_gmt":"2025-02-06T20:25:17","guid":{"rendered":"https:\/\/libreriahistoriasdebolsillo.com\/?post_type=product&#038;p=6192"},"modified":"2025-12-10T14:06:19","modified_gmt":"2025-12-10T20:06:19","slug":"diecinueve-garras-y-un-pajaro-oscuro","status":"publish","type":"product","link":"https:\/\/libreriahistoriasdebolsillo.com\/index.php\/producto\/diecinueve-garras-y-un-pajaro-oscuro\/","title":{"rendered":"Diecinueve garras y un p\u00e1jaro oscuro"},"content":{"rendered":"<p><b>El nuevo libro de\u00a0<i>Agustina Bazterrica<\/i>, ganadora del Premio Clar\u00edn Novela 2017 con\u00a0<i>Cad\u00e1ver exquisito<\/i>.<\/b><\/p>\n<p align=\"JUSTIFY\">\u00abTengo un conejo entre las piernas. Es negro. Yo le digo Roberto, pero se podr\u00eda llamar Ignacio o incluso Carla, pero le digo Roberto porque tiene forma de Roberto. Es lindo porque es peludo y duerme mucho. Le cont\u00e9 a mi amiga Isabel. Le dije: \u00abIsa, hace poco me creci\u00f3 un conejo entre las piernas. \u00bfVos tambi\u00e9n ten\u00e9s uno?\u00bb.\u00bb<\/p>\n<p align=\"JUSTIFY\">Con la publicaci\u00f3n de\u00a0<i>Cad\u00e1ver exquisito\u00a0<\/i>(Premio Clar\u00edn Novela 2017),\u00a0<b>Agustina Bazterrica<\/b>\u00a0logr\u00f3 dos cosas al mismo tiempo: consagrarse como una de las escritoras argentinas m\u00e1s le\u00eddas y respetadas en todo el mundo, y transformar el libro en un cl\u00e1sico instant\u00e1neo. Esa distop\u00eda acerca de un mundo casi inhumano, que no cesa de cuestionar nuestro modo de vida actual y que dispara toda clase de preguntas acerca de lo contempor\u00e1neo, tiene historia. La autora lleva muchos a\u00f1os escribiendo relatos y cuentos breves, que hoy\u00a0<i>Alfaguara<\/i>\u00a0reedita en este volumen. Diecinueve cuentos que nos llevan al coraz\u00f3n de nuestros miedos, de las fantas\u00edas m\u00e1s delirantes y oscuras y tambi\u00e9n del humor m\u00e1s negro. Textos que cuestionan el amor, la amistad, las relaciones familiares y los deseos inconfesables. Una lectura absorbente que confirma un estilo y una profundidad \u00fanicos en el panorama de la literatura en castellano.<\/p>\n<p align=\"JUSTIFY\"><b>Sobre\u00a0<i>Cad\u00e1ver exquisito\u00a0<\/i>la cr\u00edtica ha dicho&#8230;<\/b><\/p>\n<p align=\"JUSTIFY\">\u00abUna s\u00f3lida y escalofriante novela futurista con un inesperado final de cuento. Una alegor\u00eda sobre la sociedad can\u00edbal en la que vivimos; un trama sorprendente y bien dosificada, escrita con una prosa afilada como un cuchillo.\u00bb<br \/>\n<b><i>Jorge Fern\u00e1ndez D\u00edaz<\/i><\/b><\/p>\n<p align=\"JUSTIFY\">\u00abCon un lenguaje directo y despojado, Cad\u00e1ver exquisito incursiona en los mecanismos siniestros de una sociedad dist\u00f3pica y can\u00edbal. Las im\u00e1genes, tanto repulsivas como fascinantes, se suceden una tras otra y recuerdan por momentos a los cuadros violentos de Francis Bacon y de Carlos Alonso. La novela rodea al lector con una sensaci\u00f3n de amenaza al volver visibles algunas pr\u00e1cticas oscuras y normalizadas de la vida cotidiana actual.\u00bb<br \/>\n<b><i>Pedro Mairal<\/i><\/b><\/p>\n<p align=\"JUSTIFY\">\u00abNovela mayor, cuya acci\u00f3n transcurre en el interior de una atm\u00f3fera densa e hipn\u00f3tica en la que el lector queda atrapado desde las primeras l\u00edneas como si fuera uno de sus personajes.\u00bb<br \/>\n<b><i>Juan Jos\u00e9 Mill\u00e1s<\/i><\/b><\/p>\n<p align=\"JUSTIFY\">\u00abBazterrica administra dosis de suspenso a la historia de una rebeld\u00eda individual que crece desde el asco, el odio y lo prohibido. El personaje de Tejo, cuyo hijo acaba de morir y cuyo padre no termina de morir, se recorta con nitidez en una trama perturbadora.\u00bb<br \/>\n<b><i>Daniel Gigena<\/i><\/b><\/p>\n<p align=\"JUSTIFY\">\u00abCad\u00e1ver exquisito nos lleva al coraz\u00f3n del horror sin alejarse nunca de<\/p>\n","protected":false},"excerpt":{"rendered":"<p>Agustina Bazterrica<\/p>\n<p>192 p\u00e1ginas<\/p>\n","protected":false},"featured_media":6193,"template":"","meta":{"_joinchat":[]},"product_brand":[],"product_cat":[39,70,36],"product_tag":[34],"class_list":{"0":"post-6192","1":"product","2":"type-product","3":"status-publish","4":"has-post-thumbnail","6":"product_cat-fantasia","7":"product_cat-novedades","8":"product_cat-terror-y-paranormal","9":"product_tag-penguin-random-house","11":"first","12":"instock","13":"shipping-taxable","14":"purchasable","15":"product-type-simple"},"_links":{"self":[{"href":"https:\/\/libreriahistoriasdebolsillo.com\/index.php\/wp-json\/wp\/v2\/product\/6192","targetHints":{"allow":["GET"]}}],"collection":[{"href":"https:\/\/libreriahistoriasdebolsillo.com\/index.php\/wp-json\/wp\/v2\/product"}],"about":[{"href":"https:\/\/libreriahistoriasdebolsillo.com\/index.php\/wp-json\/wp\/v2\/types\/product"}],"wp:featuredmedia":[{"embeddable":true,"href":"https:\/\/libreriahistoriasdebolsillo.com\/index.php\/wp-json\/wp\/v2\/media\/6193"}],"wp:attachment":[{"href":"https:\/\/libreriahistoriasdebolsillo.com\/index.php\/wp-json\/wp\/v2\/media?parent=6192"}],"wp:term":[{"taxonomy":"product_brand","embeddable":true,"href":"https:\/\/libreriahistoriasdebolsillo.com\/index.php\/wp-json\/wp\/v2\/product_brand?post=6192"},{"taxonomy":"product_cat","embeddable":true,"href":"https:\/\/libreriahistoriasdebolsillo.com\/index.php\/wp-json\/wp\/v2\/product_cat?post=6192"},{"taxonomy":"product_tag","embeddable":true,"href":"https:\/\/libreriahistoriasdebolsillo.com\/index.php\/wp-json\/wp\/v2\/product_tag?post=6192"}],"curies":[{"name":"wp","href":"https:\/\/api.w.org\/{rel}","templated":true}]}}