{"id":6194,"date":"2025-02-06T14:28:10","date_gmt":"2025-02-06T20:28:10","guid":{"rendered":"https:\/\/libreriahistoriasdebolsillo.com\/?post_type=product&#038;p=6194"},"modified":"2025-11-11T10:51:19","modified_gmt":"2025-11-11T16:51:19","slug":"nunca-jamas-3-wretched","status":"publish","type":"product","link":"https:\/\/libreriahistoriasdebolsillo.com\/index.php\/producto\/nunca-jamas-3-wretched\/","title":{"rendered":"Nunca Jam\u00e1s 3. Wretched"},"content":{"rendered":"<p><b>Despu\u00e9s de<\/b>\u00a0<i><b>Hooked<\/b><\/i><b>\u00a0y<\/b>\u00a0<i><b>Scarred<\/b><\/i><b>, descubre<\/b>\u00a0<b>Wretched<\/b><b>:<\/b>\u00a0<b>vuelve a<\/b><b>\u00a0la saga<\/b><b>Nunca Jam\u00e1s<\/b><b>\u00a0que ha conquistado a TikTok, donde los villanos de cuento hallan su final feliz.<\/b><\/p>\n<p><b>Una mujer tambi\u00e9n puede estar al mando. Y ser terrible.<\/b><\/p>\n<p>Evelina Westerly siempre ha sido la mala. Es el cerebro del imperio de la droga que dirige su padre y no tiene piedad. Reparte sus d\u00edas entre perfeccionar su invernadero y tratar de vengar el asesinato de su hermana. No tiene tiempo para nada m\u00e1s, y mucho menos para el amor. Tras una aventura de una noche con un hombre muy atractivo en un club nocturno, vuelve a su vida criminal&#8230;, hasta que ese mismo hombre aparece de nuevo, esta vez trabajando para los Westerly, y con otro nombre.<\/p>\n<p>Pero el verdadero secreto de Nicholas Woodsworth es mucho m\u00e1s peligroso que un nombre falso: es agente encubierto de la agencia antidroga de Estados Unidos, y su misi\u00f3n es acabar con aquellos que destruyeron a su familia.<\/p>\n<p>Evelina es la encarnaci\u00f3n de todo lo que detesta; su trabajo es destruirla. Pero, cuanto m\u00e1s descubren acerca de la oscuridad que alberga el coraz\u00f3n del otro, m\u00e1s se parecen. Y, cuando el odio se convierte en otra cosa, Nicholas tendr\u00e1 que decidir si puede amar a una mujer malvada, aunque eso signifique destruir las vidas de ambos.<\/p>\n","protected":false},"excerpt":{"rendered":"<p>Emily Mcintire<\/p>\n<p>384 p\u00e1ginas<\/p>\n","protected":false},"featured_media":6195,"template":"","meta":{"_joinchat":[]},"product_brand":[],"product_cat":[39,70],"product_tag":[34],"class_list":{"0":"post-6194","1":"product","2":"type-product","3":"status-publish","4":"has-post-thumbnail","6":"product_cat-fantasia","7":"product_cat-novedades","8":"product_tag-penguin-random-house","10":"first","11":"outofstock","12":"shipping-taxable","13":"purchasable","14":"product-type-simple"},"_links":{"self":[{"href":"https:\/\/libreriahistoriasdebolsillo.com\/index.php\/wp-json\/wp\/v2\/product\/6194","targetHints":{"allow":["GET"]}}],"collection":[{"href":"https:\/\/libreriahistoriasdebolsillo.com\/index.php\/wp-json\/wp\/v2\/product"}],"about":[{"href":"https:\/\/libreriahistoriasdebolsillo.com\/index.php\/wp-json\/wp\/v2\/types\/product"}],"wp:featuredmedia":[{"embeddable":true,"href":"https:\/\/libreriahistoriasdebolsillo.com\/index.php\/wp-json\/wp\/v2\/media\/6195"}],"wp:attachment":[{"href":"https:\/\/libreriahistoriasdebolsillo.com\/index.php\/wp-json\/wp\/v2\/media?parent=6194"}],"wp:term":[{"taxonomy":"product_brand","embeddable":true,"href":"https:\/\/libreriahistoriasdebolsillo.com\/index.php\/wp-json\/wp\/v2\/product_brand?post=6194"},{"taxonomy":"product_cat","embeddable":true,"href":"https:\/\/libreriahistoriasdebolsillo.com\/index.php\/wp-json\/wp\/v2\/product_cat?post=6194"},{"taxonomy":"product_tag","embeddable":true,"href":"https:\/\/libreriahistoriasdebolsillo.com\/index.php\/wp-json\/wp\/v2\/product_tag?post=6194"}],"curies":[{"name":"wp","href":"https:\/\/api.w.org\/{rel}","templated":true}]}}