{"id":6196,"date":"2025-02-06T14:31:41","date_gmt":"2025-02-06T20:31:41","guid":{"rendered":"https:\/\/libreriahistoriasdebolsillo.com\/?post_type=product&#038;p=6196"},"modified":"2025-06-16T10:59:33","modified_gmt":"2025-06-16T16:59:33","slug":"amores-caoticos-1-perfecto-caos","status":"publish","type":"product","link":"https:\/\/libreriahistoriasdebolsillo.com\/index.php\/producto\/amores-caoticos-1-perfecto-caos\/","title":{"rendered":"Amores Ca\u00f3ticos 1. Perfecto caos"},"content":{"rendered":"<p><b>Amor, celos, m\u00fasica, culpa y pasi\u00f3n: \u00bfqu\u00e9 har\u00edas si el cantante m\u00e1s famoso del momento te pidiera que fingieras ser su novia?<\/b><\/p>\n<p><b>\u00bfEst\u00e1s lista para conocer a Alexander Macovei? Ten cuidado, porque no puedes enamorarte.<\/b><\/p>\n<p>No s\u00e9 absolutamente nada de \u00e9l, a pesar de que es el jefe de mi novio.<\/p>\n<p>A pesar de que mi mejor amiga est\u00e1 ligeramente obsesionada con \u00e9l y con su m\u00fasica.<\/p>\n<p>A pesar de que es el vocalista de una de las bandas m\u00e1s importantes del momento.<\/p>\n<p>No s\u00e9 nada de \u00e9l&#8230; As\u00ed que lo m\u00e1s coherente que podr\u00eda haber hecho cuando me pidi\u00f3 fingir ser su novia por una noche hubiera sido negarme.<\/p>\n<p>De ese modo no habr\u00eda aparecido en la televisi\u00f3n una foto m\u00eda entre sus brazos, no estar\u00eda rog\u00e1ndole a mi novio real que me escuche, no tendr\u00eda a su representante presion\u00e1ndome con firmar un contrato para fingir ser su novia por m\u00e1s tiempo.<\/p>\n<p>Pero todo eso est\u00e1 pasando, y ni siquiera es mediod\u00eda.<\/p>\n<p>Conocer a Alexander ha convertido mi vida en un completo caos\u2026 Y me encanta.<\/p>\n","protected":false},"excerpt":{"rendered":"<p>Zeliri<\/p>\n<p>536 p\u00e1ginas<\/p>\n","protected":false},"featured_media":6197,"template":"","meta":{"_joinchat":[]},"product_brand":[],"product_cat":[52,70,35],"product_tag":[34],"class_list":{"0":"post-6196","1":"product","2":"type-product","3":"status-publish","4":"has-post-thumbnail","6":"product_cat-juvenil","7":"product_cat-novedades","8":"product_cat-romantica","9":"product_tag-penguin-random-house","11":"first","12":"outofstock","13":"shipping-taxable","14":"purchasable","15":"product-type-simple"},"_links":{"self":[{"href":"https:\/\/libreriahistoriasdebolsillo.com\/index.php\/wp-json\/wp\/v2\/product\/6196","targetHints":{"allow":["GET"]}}],"collection":[{"href":"https:\/\/libreriahistoriasdebolsillo.com\/index.php\/wp-json\/wp\/v2\/product"}],"about":[{"href":"https:\/\/libreriahistoriasdebolsillo.com\/index.php\/wp-json\/wp\/v2\/types\/product"}],"wp:featuredmedia":[{"embeddable":true,"href":"https:\/\/libreriahistoriasdebolsillo.com\/index.php\/wp-json\/wp\/v2\/media\/6197"}],"wp:attachment":[{"href":"https:\/\/libreriahistoriasdebolsillo.com\/index.php\/wp-json\/wp\/v2\/media?parent=6196"}],"wp:term":[{"taxonomy":"product_brand","embeddable":true,"href":"https:\/\/libreriahistoriasdebolsillo.com\/index.php\/wp-json\/wp\/v2\/product_brand?post=6196"},{"taxonomy":"product_cat","embeddable":true,"href":"https:\/\/libreriahistoriasdebolsillo.com\/index.php\/wp-json\/wp\/v2\/product_cat?post=6196"},{"taxonomy":"product_tag","embeddable":true,"href":"https:\/\/libreriahistoriasdebolsillo.com\/index.php\/wp-json\/wp\/v2\/product_tag?post=6196"}],"curies":[{"name":"wp","href":"https:\/\/api.w.org\/{rel}","templated":true}]}}