{"id":6198,"date":"2025-02-06T14:33:50","date_gmt":"2025-02-06T20:33:50","guid":{"rendered":"https:\/\/libreriahistoriasdebolsillo.com\/?post_type=product&#038;p=6198"},"modified":"2025-04-21T14:24:13","modified_gmt":"2025-04-21T20:24:13","slug":"metahumano","status":"publish","type":"product","link":"https:\/\/libreriahistoriasdebolsillo.com\/index.php\/producto\/metahumano\/","title":{"rendered":"Metahumano"},"content":{"rendered":"<p><b>\u00bfEs posible ir m\u00e1s all\u00e1 del d\u00eda a d\u00eda y experimentar el grado m\u00e1s alto de conciencia? Deepak Chopra nos da la certeza de que la conciencia superior es alcanzable aqu\u00ed y ahora.<\/b><\/p>\n<p>El maestro y autor bestseller Deepak Chopra descubre los secretos para\u00a0<b>superar nuestras limitaciones\u00a0<\/b>y acceder a un\u00a0<b>campo de posibilidades infinitas<\/b>. \u00bfC\u00f3mo lo conseguimos?<\/p>\n<p>Convirti\u00e9ndonos en metahumanos. Ser metahumanos significa\u00a0<b>vencer las construcciones de la mente<\/b>\u00a0que subyacen bajo la ansiedad, la atenci\u00f3n y el ego, y entrar en un nuevo estado de conciencia en el que deliberadamente tenemos experiencias clave que pueden\u00a0<b>transformar la vida desde lo m\u00e1s profundo<\/b>. No se trata s\u00f3lo de mindfulness o meditaci\u00f3n, sino de despertar:\u00a0<b>expandir nuestra conciencia\u00a0<\/b>hacia todo lo que pensamos, decimos y hacemos, con el fin de darle\u00a0<b>sentido a la vida<\/b>. Para hacer posible esta pr\u00e1ctica, Chopra culmina el libro con\u00a0<b>una gu\u00eda de 31 d\u00edas\u00a0<\/b>para convertirnos en metahumanos.<\/p>\n<p>Una vez que despertamos -dice-, la vida se transforma porque la conciencia plena amanece en nuestras vidas. S\u00f3lo entonces se manifiesta nuestro potencial infinito.<\/p>\n","protected":false},"excerpt":{"rendered":"<p>Deepak Chopra<\/p>\n<p>408 p\u00e1ginas<\/p>\n","protected":false},"featured_media":6199,"template":"","meta":{"_joinchat":[]},"product_brand":[],"product_cat":[41,70],"product_tag":[34],"class_list":{"0":"post-6198","1":"product","2":"type-product","3":"status-publish","4":"has-post-thumbnail","6":"product_cat-desarrollo-humano","7":"product_cat-novedades","8":"product_tag-penguin-random-house","10":"first","11":"outofstock","12":"shipping-taxable","13":"purchasable","14":"product-type-simple"},"_links":{"self":[{"href":"https:\/\/libreriahistoriasdebolsillo.com\/index.php\/wp-json\/wp\/v2\/product\/6198","targetHints":{"allow":["GET"]}}],"collection":[{"href":"https:\/\/libreriahistoriasdebolsillo.com\/index.php\/wp-json\/wp\/v2\/product"}],"about":[{"href":"https:\/\/libreriahistoriasdebolsillo.com\/index.php\/wp-json\/wp\/v2\/types\/product"}],"wp:featuredmedia":[{"embeddable":true,"href":"https:\/\/libreriahistoriasdebolsillo.com\/index.php\/wp-json\/wp\/v2\/media\/6199"}],"wp:attachment":[{"href":"https:\/\/libreriahistoriasdebolsillo.com\/index.php\/wp-json\/wp\/v2\/media?parent=6198"}],"wp:term":[{"taxonomy":"product_brand","embeddable":true,"href":"https:\/\/libreriahistoriasdebolsillo.com\/index.php\/wp-json\/wp\/v2\/product_brand?post=6198"},{"taxonomy":"product_cat","embeddable":true,"href":"https:\/\/libreriahistoriasdebolsillo.com\/index.php\/wp-json\/wp\/v2\/product_cat?post=6198"},{"taxonomy":"product_tag","embeddable":true,"href":"https:\/\/libreriahistoriasdebolsillo.com\/index.php\/wp-json\/wp\/v2\/product_tag?post=6198"}],"curies":[{"name":"wp","href":"https:\/\/api.w.org\/{rel}","templated":true}]}}