{"id":6200,"date":"2025-02-06T14:36:34","date_gmt":"2025-02-06T20:36:34","guid":{"rendered":"https:\/\/libreriahistoriasdebolsillo.com\/?post_type=product&#038;p=6200"},"modified":"2025-06-16T10:59:47","modified_gmt":"2025-06-16T16:59:47","slug":"sigue-mi-voz-edicion-especial","status":"publish","type":"product","link":"https:\/\/libreriahistoriasdebolsillo.com\/index.php\/producto\/sigue-mi-voz-edicion-especial\/","title":{"rendered":"Sigue mi voz (Edici\u00f3n especial)"},"content":{"rendered":"<p><b>HAY AMORES QUE TE DAN<\/b>\u00a0<b>LA MANO Y TE ACOMPA\u00d1AN<\/b>\u00a0<b>EN LOS MOMENTOS<\/b>\u00a0<b>M\u00c1S DIF\u00cdCILES.<\/b><\/p>\n<p>Todos conocemos el\u00a0<b>amor pasional<\/b>\u00a0que nos nubla la raz\u00f3n, el\u00a0<b>amor a primera vista<\/b>\u00a0que nos anuda el est\u00f3mago y el amor plat\u00f3nico que nos llena el coraz\u00f3n de fantas\u00eda y admiraci\u00f3n.<\/p>\n<p>Pero \u00bfpuede una persona enamorarse de otra\u00a0<b>sin<\/b>\u00a0haberla visto?<\/p>\n<p><b>Klara<\/b>\u00a0encontrar\u00e1 la respuesta a esta pregunta escuchando con dedicaci\u00f3n todos los d\u00edas su programa de\u00a0<b>radio<\/b>\u00a0favorito\u00a0<i><b>Sigue mi voz<\/b><\/i>.<\/p>\n<p>Una historia de amor, de superaci\u00f3n y de aceptaci\u00f3n tan preciosa como necesaria. Un libro que te rompe para reconstruirte pieza por pieza y que te ense\u00f1a una\u00a0<b>lecci\u00f3n<\/b>\u00a0de vida poderosa: la importancia de sentirte bien para volver a hacer todo lo que amas.<\/p>\n","protected":false},"excerpt":{"rendered":"<p>Ariana Godoy<\/p>\n<p>336 p\u00e1ginas<\/p>\n","protected":false},"featured_media":6201,"template":"","meta":{"_joinchat":[]},"product_brand":[],"product_cat":[52,70,35],"product_tag":[34],"class_list":{"0":"post-6200","1":"product","2":"type-product","3":"status-publish","4":"has-post-thumbnail","6":"product_cat-juvenil","7":"product_cat-novedades","8":"product_cat-romantica","9":"product_tag-penguin-random-house","11":"first","12":"outofstock","13":"shipping-taxable","14":"purchasable","15":"product-type-simple"},"_links":{"self":[{"href":"https:\/\/libreriahistoriasdebolsillo.com\/index.php\/wp-json\/wp\/v2\/product\/6200","targetHints":{"allow":["GET"]}}],"collection":[{"href":"https:\/\/libreriahistoriasdebolsillo.com\/index.php\/wp-json\/wp\/v2\/product"}],"about":[{"href":"https:\/\/libreriahistoriasdebolsillo.com\/index.php\/wp-json\/wp\/v2\/types\/product"}],"wp:featuredmedia":[{"embeddable":true,"href":"https:\/\/libreriahistoriasdebolsillo.com\/index.php\/wp-json\/wp\/v2\/media\/6201"}],"wp:attachment":[{"href":"https:\/\/libreriahistoriasdebolsillo.com\/index.php\/wp-json\/wp\/v2\/media?parent=6200"}],"wp:term":[{"taxonomy":"product_brand","embeddable":true,"href":"https:\/\/libreriahistoriasdebolsillo.com\/index.php\/wp-json\/wp\/v2\/product_brand?post=6200"},{"taxonomy":"product_cat","embeddable":true,"href":"https:\/\/libreriahistoriasdebolsillo.com\/index.php\/wp-json\/wp\/v2\/product_cat?post=6200"},{"taxonomy":"product_tag","embeddable":true,"href":"https:\/\/libreriahistoriasdebolsillo.com\/index.php\/wp-json\/wp\/v2\/product_tag?post=6200"}],"curies":[{"name":"wp","href":"https:\/\/api.w.org\/{rel}","templated":true}]}}