{"id":6204,"date":"2025-02-06T14:47:29","date_gmt":"2025-02-06T20:47:29","guid":{"rendered":"https:\/\/libreriahistoriasdebolsillo.com\/?post_type=product&#038;p=6204"},"modified":"2025-06-16T11:00:19","modified_gmt":"2025-06-16T17:00:19","slug":"mythos","status":"publish","type":"product","link":"https:\/\/libreriahistoriasdebolsillo.com\/index.php\/producto\/mythos\/","title":{"rendered":"Mythos"},"content":{"rendered":"<p><span class=\"a-text-bold\">Ad\u00e9ntrate en el fascinante mundo de la mitolog\u00eda griega.<\/span><\/p>\n<p>Sum\u00e9rgete en un viaje \u00e9pico a trav\u00e9s de los mitos griegos con esta gu\u00eda imprescindible. Cada p\u00e1gina est\u00e1 repleta de ilustraciones vibrantes y detalladas, acompa\u00f1adas por textos que exploran las historias y los simbolismos detr\u00e1s de cada mito. Mythos devuelve a la vida a dioses, h\u00e9roes y criaturas m\u00edticas \u2013Zeus y sus amantes, Aracne, Medusa, Eros y Psique\u2026\u2013 y ofrece una visi\u00f3n completa y fresca de la mitolog\u00eda griega.<\/p>\n","protected":false},"excerpt":{"rendered":"<p>Carlota Santos<\/p>\n","protected":false},"featured_media":6205,"template":"","meta":{"_joinchat":[]},"product_brand":[],"product_cat":[75,41,70],"product_tag":[34],"class_list":{"0":"post-6204","1":"product","2":"type-product","3":"status-publish","4":"has-post-thumbnail","6":"product_cat-mitologia","7":"product_cat-desarrollo-humano","8":"product_cat-novedades","9":"product_tag-penguin-random-house","11":"first","12":"outofstock","13":"shipping-taxable","14":"purchasable","15":"product-type-simple"},"_links":{"self":[{"href":"https:\/\/libreriahistoriasdebolsillo.com\/index.php\/wp-json\/wp\/v2\/product\/6204","targetHints":{"allow":["GET"]}}],"collection":[{"href":"https:\/\/libreriahistoriasdebolsillo.com\/index.php\/wp-json\/wp\/v2\/product"}],"about":[{"href":"https:\/\/libreriahistoriasdebolsillo.com\/index.php\/wp-json\/wp\/v2\/types\/product"}],"wp:featuredmedia":[{"embeddable":true,"href":"https:\/\/libreriahistoriasdebolsillo.com\/index.php\/wp-json\/wp\/v2\/media\/6205"}],"wp:attachment":[{"href":"https:\/\/libreriahistoriasdebolsillo.com\/index.php\/wp-json\/wp\/v2\/media?parent=6204"}],"wp:term":[{"taxonomy":"product_brand","embeddable":true,"href":"https:\/\/libreriahistoriasdebolsillo.com\/index.php\/wp-json\/wp\/v2\/product_brand?post=6204"},{"taxonomy":"product_cat","embeddable":true,"href":"https:\/\/libreriahistoriasdebolsillo.com\/index.php\/wp-json\/wp\/v2\/product_cat?post=6204"},{"taxonomy":"product_tag","embeddable":true,"href":"https:\/\/libreriahistoriasdebolsillo.com\/index.php\/wp-json\/wp\/v2\/product_tag?post=6204"}],"curies":[{"name":"wp","href":"https:\/\/api.w.org\/{rel}","templated":true}]}}