{"id":6206,"date":"2025-02-06T14:49:40","date_gmt":"2025-02-06T20:49:40","guid":{"rendered":"https:\/\/libreriahistoriasdebolsillo.com\/?post_type=product&#038;p=6206"},"modified":"2026-01-26T17:09:39","modified_gmt":"2026-01-26T23:09:39","slug":"veinte-mil-leguas-de-viaje-submarino-2","status":"publish","type":"product","link":"https:\/\/libreriahistoriasdebolsillo.com\/index.php\/producto\/veinte-mil-leguas-de-viaje-submarino-2\/","title":{"rendered":"Veinte mil leguas de viaje submarino"},"content":{"rendered":"<p>Cuando la desaparici\u00f3n de numerosos barcos pone en jaque la\u00a0<b>navegaci\u00f3n<\/b>\u00a0en aguas internacionales, se organiza una expedici\u00f3n para dar caza a un posible\u00a0<b>monstruo abisal<\/b>. Por fortuna, se cuenta con el\u00a0<b>Nautilus<\/b>, un submarino de alta tecnolog\u00eda comandado por el insondable\u00a0<b>capit\u00e1n Nemo<\/b>. A bordo de la fabulosa nave, los aventureros descubrir\u00e1n los prodigios de las profundidades, vedados hasta entonces a la\u00a0<b>mirada humana<\/b>.<\/p>\n<p>El presente volumen se abre con la introducci\u00f3n de una de las expertas m\u00e1s destacadas en la obra de\u00a0<b>Jules Verne<\/b>, catedr\u00e1tica em\u00e9rita de la Universidad Stendhal de Grenoble. La sigue la fant\u00e1stica novela, en una traducci\u00f3n de reconocida excelencia.<\/p>\n","protected":false},"excerpt":{"rendered":"<p>Julio Verne<\/p>\n<p>544 p\u00e1ginas<\/p>\n","protected":false},"featured_media":6207,"template":"","meta":{"_joinchat":[]},"product_brand":[],"product_cat":[42],"product_tag":[34],"class_list":{"0":"post-6206","1":"product","2":"type-product","3":"status-publish","4":"has-post-thumbnail","6":"product_cat-literatura-clasica","7":"product_tag-penguin-random-house","9":"first","10":"outofstock","11":"shipping-taxable","12":"purchasable","13":"product-type-simple"},"_links":{"self":[{"href":"https:\/\/libreriahistoriasdebolsillo.com\/index.php\/wp-json\/wp\/v2\/product\/6206","targetHints":{"allow":["GET"]}}],"collection":[{"href":"https:\/\/libreriahistoriasdebolsillo.com\/index.php\/wp-json\/wp\/v2\/product"}],"about":[{"href":"https:\/\/libreriahistoriasdebolsillo.com\/index.php\/wp-json\/wp\/v2\/types\/product"}],"wp:featuredmedia":[{"embeddable":true,"href":"https:\/\/libreriahistoriasdebolsillo.com\/index.php\/wp-json\/wp\/v2\/media\/6207"}],"wp:attachment":[{"href":"https:\/\/libreriahistoriasdebolsillo.com\/index.php\/wp-json\/wp\/v2\/media?parent=6206"}],"wp:term":[{"taxonomy":"product_brand","embeddable":true,"href":"https:\/\/libreriahistoriasdebolsillo.com\/index.php\/wp-json\/wp\/v2\/product_brand?post=6206"},{"taxonomy":"product_cat","embeddable":true,"href":"https:\/\/libreriahistoriasdebolsillo.com\/index.php\/wp-json\/wp\/v2\/product_cat?post=6206"},{"taxonomy":"product_tag","embeddable":true,"href":"https:\/\/libreriahistoriasdebolsillo.com\/index.php\/wp-json\/wp\/v2\/product_tag?post=6206"}],"curies":[{"name":"wp","href":"https:\/\/api.w.org\/{rel}","templated":true}]}}